{"id":9981,"date":"2025-10-02T03:14:33","date_gmt":"2025-10-02T03:14:33","guid":{"rendered":"https:\/\/foreverwood.ro\/termek\/scandura-rindeluita-pin-19x96-mm-calitate-bc\/"},"modified":"2026-03-05T02:30:21","modified_gmt":"2026-03-05T02:30:21","slug":"scandura-rindeluita-pin-19x96-mm-calitate-bc","status":"publish","type":"product","link":"https:\/\/foreverwood.ro\/ro\/produs\/scandura-rindeluita-pin-19x96-mm-calitate-bc\/","title":{"rendered":"Scandura rindeluita Pin 19\u00d796 mm, calitate BC"},"content":{"rendered":"<p><b>Sc\u00e2ndur\u0103 rindeluit\u0103- Prelucrare de precizie, suprafa\u021b\u0103 neted\u0103<\/b><\/p>\n<p><span style=\"font-weight: 400;\">A <\/span><b>Sc\u00e2ndurile rindeluite<\/b><span style=\"font-weight: 400;\"> sunt o alegere excelent\u0103 at\u00e2t pentru aplica\u021biile de interior, c\u00e2t \u0219i pentru cele de exterior, unde un finisaj neted \u0219i estetic este esen\u021bial. Spre deosebire de sc\u00e2ndurile t\u0103iate, aceste produse <\/span><b>planate dup\u0103 prelucrare<\/b><span style=\"font-weight: 400;\">, oferind o suprafa\u021b\u0103 mai neted\u0103, f\u0103r\u0103 a\u0219chii, ideal\u0103 pentru mobilier, plac\u0103ri \u0219i elemente decorative.<\/span><\/p>\n<p><b>Utilizare<\/b><\/p>\n<ul>\n<li style=\"font-weight: 400;\" aria-level=\"1\"><b>Pentru placarea interioar\u0103<\/b><span style=\"font-weight: 400;\">: ca material pentru placarea pere\u021bilor, panouri sau chiar sc\u0103ri.<\/span><\/li>\n<li style=\"font-weight: 400;\" aria-level=\"1\"><b>Mobil\u0103 \u0219i t\u00e2mpl\u0103rie<\/b><span style=\"font-weight: 400;\">: Excelent pentru realizarea de rafturi, dulapuri, mese \u0219i alte mobilier.<\/span><\/li>\n<li style=\"font-weight: 400;\" aria-level=\"1\"><b>Pentru structuri exterioare<\/b><span style=\"font-weight: 400;\">: Pentru construc\u021bia de pergole, mobilier de gr\u0103din\u0103, foi\u0219oare sau balustrade.<\/span><\/li>\n<li style=\"font-weight: 400;\" aria-level=\"1\"><b>\u00cen scopuri decorative<\/b><span style=\"font-weight: 400;\">: Pentru acoperiri de perete unice, elemente decorative sau chiar interioare rustice.<\/span><\/li>\n<\/ul>\n<p><b>Informa\u021bii importante<\/b><\/p>\n<ul>\n<li style=\"font-weight: 400;\" aria-level=\"1\"><b>Suprafa\u021b\u0103 neted\u0103, uniform\u0103<\/b><span style=\"font-weight: 400;\">: Estetic pl\u0103cut \u0219i u\u0219or de manevrat datorit\u0103 rindeluirii.<\/span><\/li>\n<li style=\"font-weight: 400;\" aria-level=\"1\"><b>Design f\u0103r\u0103 a\u0219chii<\/b><span style=\"font-weight: 400;\">: Mai sigur la atingere, \u00een special pentru utilizarea \u00een interior.<\/span><\/li>\n<li style=\"font-weight: 400;\" aria-level=\"1\"><b>U\u0219or de vopsit, u\u0219or de colorat<\/b><span style=\"font-weight: 400;\">: Recomandat <\/span><b>Dl Lazur<\/b><span style=\"font-weight: 400;\"> sau tratate cu alte straturi de \u00eengrijire a lemnului pentru o durat\u0103 de via\u021b\u0103 mai lung\u0103.<\/span><\/li>\n<li style=\"font-weight: 400;\" aria-level=\"1\"><b>Stabil\u0103 \u0219i precis\u0103 din punct de vedere dimensional<\/b><span style=\"font-weight: 400;\">: Mai pu\u021bin deformare, ceea ce \u00eel face ideal pentru structuri precise.<\/span><\/li>\n<\/ul>\n<p><b>De ce s\u0103 ne alege\u021bi?<\/b><\/p>\n<ul>\n<li style=\"font-weight: 400;\" aria-level=\"1\"><span style=\"font-weight: 400;\">O gam\u0103 larg\u0103 de lemn rindeluit de calitate superioar\u0103.<\/span><\/li>\n<li style=\"font-weight: 400;\" aria-level=\"1\"><span style=\"font-weight: 400;\">Dimensiuni \u0219i design personalizate la cerere.<\/span><\/li>\n<li style=\"font-weight: 400;\" aria-level=\"1\"><span style=\"font-weight: 400;\">Livrare flexibil\u0103 \u00een \u00eentreaga \u021bar\u0103.<\/span><\/li>\n<\/ul>\n<p><b>Oferim un pre\u021b special pentru comenzi mari.<\/b><b><br \/>\n<\/b><b>Ave\u021bi o \u00eentrebare? Ave\u021bi nevoie de livrare? Contacta\u021bi-ne!<\/b><\/p>\n<p>&nbsp;<\/p>","protected":false},"excerpt":{"rendered":"<p>Sc\u00e2ndur\u0103 rindeluit\u0103 Borovi de 19 mm grosime \u0219i 96 mm l\u0103\u021bime, calitate BC.<\/p>","protected":false},"featured_media":9977,"comment_status":"open","ping_status":"closed","template":"","meta":{"_acf_changed":false},"product_brand":[],"product_cat":[1063],"product_tag":[],"class_list":{"0":"post-9981","1":"product","2":"type-product","3":"status-publish","4":"has-post-thumbnail","6":"product_cat-gyalult-deszkak","8":"first","9":"outofstock","10":"taxable","11":"shipping-taxable","12":"purchasable","13":"product-type-variable"},"acf":[],"_links":{"self":[{"href":"https:\/\/foreverwood.ro\/ro\/wp-json\/wp\/v2\/product\/9981","targetHints":{"allow":["GET"]}}],"collection":[{"href":"https:\/\/foreverwood.ro\/ro\/wp-json\/wp\/v2\/product"}],"about":[{"href":"https:\/\/foreverwood.ro\/ro\/wp-json\/wp\/v2\/types\/product"}],"replies":[{"embeddable":true,"href":"https:\/\/foreverwood.ro\/ro\/wp-json\/wp\/v2\/comments?post=9981"}],"wp:featuredmedia":[{"embeddable":true,"href":"https:\/\/foreverwood.ro\/ro\/wp-json\/wp\/v2\/media\/9977"}],"wp:attachment":[{"href":"https:\/\/foreverwood.ro\/ro\/wp-json\/wp\/v2\/media?parent=9981"}],"wp:term":[{"taxonomy":"product_brand","embeddable":true,"href":"https:\/\/foreverwood.ro\/ro\/wp-json\/wp\/v2\/product_brand?post=9981"},{"taxonomy":"product_cat","embeddable":true,"href":"https:\/\/foreverwood.ro\/ro\/wp-json\/wp\/v2\/product_cat?post=9981"},{"taxonomy":"product_tag","embeddable":true,"href":"https:\/\/foreverwood.ro\/ro\/wp-json\/wp\/v2\/product_tag?post=9981"}],"curies":[{"name":"wp","href":"https:\/\/api.w.org\/{rel}","templated":true}]}}