{"id":9175,"date":"2025-09-18T11:49:55","date_gmt":"2025-09-18T11:49:55","guid":{"rendered":"https:\/\/foreverwood.ro\/termek\/dusumea-pin-nordic-28x146-mm-calitate-ab\/"},"modified":"2026-03-05T02:30:18","modified_gmt":"2026-03-05T02:30:18","slug":"dusumea-pin-nordic-28x146-mm-calitate-ab","status":"publish","type":"product","link":"https:\/\/foreverwood.ro\/ro\/produs\/dusumea-pin-nordic-28x146-mm-calitate-ab\/","title":{"rendered":"Dusumea Pin nordic 28\u00d7146 mm, calitate AB"},"content":{"rendered":"<p><b>Dusumea - Frumuse\u021be natural\u0103 \u0219i durabilitate<\/b><\/p>\n<p>Dusumeau este\u00a0<b>o solu\u021bie de pardoseal\u0103 durabil\u0103, estetic\u0103 \u0219i natural\u0103<\/b>, care este alegerea perfect\u0103 at\u00e2t pentru interior, c\u00e2t \u0219i pentru exterior. Disponibil in\u00a0<b>molid, pin \u0219i larice<\/b>\u00a0sunt disponibile pardoseli din gresie, fiecare cu o suprafa\u021b\u0103 atent lustruit\u0103 \u0219i\u00a0<b>cu design precis sistem nut \u0219i feder<\/b>\u00a0pentru o potrivire u\u0219oar\u0103 \u0219i stabil\u0103.<\/p>\n<p><b>Pardoseli interioare calde \u0219i confortabile<\/b><\/p>\n<p>A\u00a0<b>pardoselile interioroare<\/b>\u00a0sunt ideale pentru camere, camere de zi, unde\u00a0<b>o suprafa\u021b\u0103 neted\u0103 \u0219i estetic\u0103<\/b>\u00a0pe care dorim s\u0103 le realiz\u0103m.<\/p>\n<ul>\n<li aria-level=\"1\"><b>Structur\u0103 stabil\u0103<\/b>\u00a0- Con\u021binutul lor de umiditate\u00a0<b>8-12%<\/b>, astfel \u00eenc\u00e2t este de a\u0219teptat o mi\u0219care minim\u0103.<\/li>\n<li aria-level=\"1\"><b>Material viu<\/b>\u00a0- Proprietatea natural\u0103 a lemnului este aceea de a reac\u021biona la umiditate, motiv pentru care\u00a0<b>se poate umfla sau mic\u0219ora<\/b>\u00a0\u00een func\u021bie de mediul s\u0103u.<\/li>\n<li aria-level=\"1\"><b>Op\u021biuni de fixare<\/b>\u00a0- Pentru grinzi de sus\u021binere\u00a0<b>cu adeziv flexibil bicomponent<\/b>\u00a0pot fi amplasate \u0219i pe beton.<\/li>\n<li aria-level=\"1\"><b>Tratament de suprafa\u021b\u0103 necesar<\/b>\u00a0- Pentru o durat\u0103 lung\u0103 de via\u021b\u0103, acesta poate fi tratat cu cear\u0103 sau lac rezistent la uzur\u0103.<\/li>\n<\/ul>\n<p><b>Pentru utilizare \u00een exterior<\/b><\/p>\n<p>A\u00a0<b>dusumea pentru exterior<\/b>\u00a0o alegere excelent\u0103 pentru diverse aplica\u021bii structurale \u0219i de placare:<\/p>\n<ul>\n<li aria-level=\"1\">Garduri<\/li>\n<li aria-level=\"1\">Acoperiri de perete<\/li>\n<li aria-level=\"1\">Sub \u0219indrile de acoperi\u0219, \u0219indrile<\/li>\n<li aria-level=\"1\">Construc\u021bia de case din lemn<\/li>\n<\/ul>\n<p><b>Protec\u021bie \u00eempotriva intemperiilor<\/b>\u00a0- Pentru utilizare \u00een exterior\u00a0<b>Vopseaua stabil\u0103 la UV poate cre\u0219te semnificativ durata de via\u021b\u0103<\/b>.<\/p>\n<p><b>Informa\u021bii importante<\/b><\/p>\n<p>Pentru calcularea num\u0103rului de metri p\u0103tra\u021bi de lambriuri \u0219i terase\u00a0<b>l\u0103\u021bimea total\u0103 este luat\u0103 \u00een considerare<\/b>. Imaginile, pre\u021burile \u0219i descrierile sunt doar cu titlu informativ, v\u0103 rug\u0103m s\u0103 \u00eentreba\u021bi \u00een magazin pentru informa\u021bii despre stoc.<\/p>\n<p>Oferim un pre\u021b special pentru comenzi mari.<br \/>\nAve\u021bi o \u00eentrebare? Ave\u021bi nevoie de livrare? Contacta\u021bi-ne!<\/p>\n<p>&nbsp;<\/p>","protected":false},"excerpt":{"rendered":"<p>Pardoseal\u0103 de \u00eenalt\u0103 calitate cu suprafa\u021b\u0103 plan\u0103.<\/p>\n<p>Grosime: <strong>28 mm <\/strong>L\u0103\u021bime: <strong>146 mm<\/strong><\/p>\n<p>Dimensiuni disponibile: <strong>3,3m ;\u00a0 4,2m<\/strong><\/p>\n<p>Specie de lemn: Pin<\/p>\n<p>Origine: suedez\u0103<\/p>\n<p>Calitate: AB<\/p>","protected":false},"featured_media":901,"comment_status":"open","ping_status":"closed","template":"","meta":{"_acf_changed":false},"product_brand":[],"product_cat":[1059],"product_tag":[],"class_list":{"0":"post-9175","1":"product","2":"type-product","3":"status-publish","4":"has-post-thumbnail","6":"product_cat-hajopadlo","8":"first","9":"instock","10":"taxable","11":"shipping-taxable","12":"purchasable","13":"product-type-simple"},"acf":[],"_links":{"self":[{"href":"https:\/\/foreverwood.ro\/ro\/wp-json\/wp\/v2\/product\/9175","targetHints":{"allow":["GET"]}}],"collection":[{"href":"https:\/\/foreverwood.ro\/ro\/wp-json\/wp\/v2\/product"}],"about":[{"href":"https:\/\/foreverwood.ro\/ro\/wp-json\/wp\/v2\/types\/product"}],"replies":[{"embeddable":true,"href":"https:\/\/foreverwood.ro\/ro\/wp-json\/wp\/v2\/comments?post=9175"}],"wp:featuredmedia":[{"embeddable":true,"href":"https:\/\/foreverwood.ro\/ro\/wp-json\/wp\/v2\/media\/901"}],"wp:attachment":[{"href":"https:\/\/foreverwood.ro\/ro\/wp-json\/wp\/v2\/media?parent=9175"}],"wp:term":[{"taxonomy":"product_brand","embeddable":true,"href":"https:\/\/foreverwood.ro\/ro\/wp-json\/wp\/v2\/product_brand?post=9175"},{"taxonomy":"product_cat","embeddable":true,"href":"https:\/\/foreverwood.ro\/ro\/wp-json\/wp\/v2\/product_cat?post=9175"},{"taxonomy":"product_tag","embeddable":true,"href":"https:\/\/foreverwood.ro\/ro\/wp-json\/wp\/v2\/product_tag?post=9175"}],"curies":[{"name":"wp","href":"https:\/\/api.w.org\/{rel}","templated":true}]}}