{"id":18602,"date":"2026-01-13T10:54:20","date_gmt":"2026-01-13T10:54:20","guid":{"rendered":"https:\/\/foreverwood.ro\/termek\/lambriu-pin-nordic-14x121-mm-calitate-bc\/"},"modified":"2026-03-05T02:30:21","modified_gmt":"2026-03-05T02:30:21","slug":"lambriu-pin-nordic-14x121-mm-calitate-bc","status":"publish","type":"product","link":"https:\/\/foreverwood.ro\/ro\/produs\/lambriu-pin-nordic-14x121-mm-calitate-bc\/","title":{"rendered":"Lambriu Pin Nordic, 14&#215;121 mm, calitate BC"},"content":{"rendered":"<div class=\"elementor-element elementor-element-c80eb9d elementor-widget elementor-widget-heading\" data-id=\"c80eb9d\" data-element_type=\"widget\" data-widget_type=\"heading.default\">\n<div class=\"elementor-widget-container\">\n<p class=\"elementor-heading-title elementor-size-default\"><strong style=\"font-size: inherit;\">Lambriu - placare natural\u0103<\/strong><\/p>\n<\/div>\n<\/div>\n<div class=\"elementor-element elementor-element-f4b83df elementor-widget elementor-widget-woocommerce-product-content\" data-id=\"f4b83df\" data-element_type=\"widget\" data-widget_type=\"woocommerce-product-content.default\">\n<div class=\"elementor-widget-container\">\n<p>Lambriul:\u00a0<strong>nu doar un element de placare,<\/strong>ci un material natural care reac\u021bioneaz\u0103 la mediul s\u0103u pentru tot restul vie\u021bii sale. Lemnul este un\u00a0<strong>\"lemn natural viu\"<\/strong>,care se adapteaz\u0103 \u00een permanen\u021b\u0103, astfel \u00eenc\u00e2t o montare \u0219i \u00eentre\u021binere corect\u0103 \u00eei garanteaz\u0103 stabilitatea \u0219i aspectul pe termen lung.<\/p>\n<p><strong>La ce trebuie s\u0103 fi\u021bi aten\u021bi atunci c\u00e2nd instala\u021bi lambriuri?<\/strong><\/p>\n<ul>\n<li><strong>Asigurarea spa\u021biului de manevr\u0103\u00a0<\/strong>- Lambriul se extinde pe fibr\u0103, astfel \u00eenc\u00e2t \u00een timpul instal\u0103rii\u00a0<strong>l\u0103sa\u021bi \u00eentotdeauna un spa\u021biu adecvat<\/strong>\u00a0pentru mi\u0219care.<\/li>\n<li><strong>Con\u021binutul de umiditate al lemnului\u00a0<\/strong>- Con\u021binutul tipic de umiditate al lambriurilor uscate \u00een usc\u0103tor industrial\u00a0<strong>14\u00b12% ,<\/strong>dar unii distribuitori usuc\u0103 p\u00e2n\u0103 la 10-12%. Cu toate acestea, acest lucru nu garanteaz\u0103 c\u0103 lemnul nu va absorbi umezeala din aer.<\/li>\n<li><strong>Condi\u021bii de depozitare\u00a0<\/strong>- Dac\u0103 lambriul este depozitat \u00eentr-un mediu necorespunz\u0103tor,\u00a0<strong>15% reumidificare<\/strong>\u00a0poate ap\u0103rea, de asemenea, deform\u0103ri care pot duce la deform\u0103ri dup\u0103 instalare.<\/li>\n<\/ul>\n<p><strong>Calitate \u0219i expertiz\u0103 pentru durabilitate<\/strong><\/p>\n<p>Odat\u0103 cu instalarea \u0219i gestionarea corespunz\u0103toare a panourilor, o\u00a0<strong>placare durabil\u0103, natural\u0103 \u0219i estetic\u0103<\/strong>\u00a0ve\u021bi ob\u021bine unul care \u00ee\u0219i va p\u0103stra frumuse\u021bea timp de mul\u021bi ani.\u00a0<strong>Sunt importante depozitarea corespunz\u0103toare, aclimatizarea \u00eenainte de instalare \u0219i tehnicile corecte de fixare.<\/strong><\/p>\n<p>Oferim un pre\u021b special pentru comenzi mari.<br \/>\nAve\u021bi o \u00eentrebare? Ave\u021bi nevoie de livrare? Contacta\u021bi-ne!<\/p>\n<\/div>\n<\/div>","protected":false},"excerpt":{"rendered":"<div class=\"elementor-element elementor-element-89dca9c elementor-widget elementor-widget-woocommerce-product-title elementor-page-title elementor-widget-heading\" data-id=\"89dca9c\" data-element_type=\"widget\" data-widget_type=\"woocommerce-product-title.default\">\n<div class=\"elementor-widget-container\">\n<p>Lambriu finlandez, model trapez<\/p>\n<p>Grosime:\u00a0<strong>14 mm <\/strong>L\u0103\u021bime:\u00a0<strong>121 mm<\/strong><\/p>\n<p>Dimensiuni disponibile: <strong>4 m, 4.2 m<\/strong><\/p>\n<p>Varietate lemn: <strong>Pin nordic<\/strong><\/p>\n<p>Origine: <strong>Finlanda<\/strong><\/p>\n<p>Calitate: <strong>B-C<\/strong><\/p>\n<\/div>\n<\/div>","protected":false},"featured_media":18598,"comment_status":"open","ping_status":"closed","template":"","meta":{"_acf_changed":false},"product_brand":[],"product_cat":[1061],"product_tag":[],"class_list":{"0":"post-18602","1":"product","2":"type-product","3":"status-publish","4":"has-post-thumbnail","6":"product_cat-lamberiak","8":"first","9":"instock","10":"taxable","11":"shipping-taxable","12":"purchasable","13":"product-type-variable"},"acf":[],"_links":{"self":[{"href":"https:\/\/foreverwood.ro\/ro\/wp-json\/wp\/v2\/product\/18602","targetHints":{"allow":["GET"]}}],"collection":[{"href":"https:\/\/foreverwood.ro\/ro\/wp-json\/wp\/v2\/product"}],"about":[{"href":"https:\/\/foreverwood.ro\/ro\/wp-json\/wp\/v2\/types\/product"}],"replies":[{"embeddable":true,"href":"https:\/\/foreverwood.ro\/ro\/wp-json\/wp\/v2\/comments?post=18602"}],"wp:featuredmedia":[{"embeddable":true,"href":"https:\/\/foreverwood.ro\/ro\/wp-json\/wp\/v2\/media\/18598"}],"wp:attachment":[{"href":"https:\/\/foreverwood.ro\/ro\/wp-json\/wp\/v2\/media?parent=18602"}],"wp:term":[{"taxonomy":"product_brand","embeddable":true,"href":"https:\/\/foreverwood.ro\/ro\/wp-json\/wp\/v2\/product_brand?post=18602"},{"taxonomy":"product_cat","embeddable":true,"href":"https:\/\/foreverwood.ro\/ro\/wp-json\/wp\/v2\/product_cat?post=18602"},{"taxonomy":"product_tag","embeddable":true,"href":"https:\/\/foreverwood.ro\/ro\/wp-json\/wp\/v2\/product_tag?post=18602"}],"curies":[{"name":"wp","href":"https:\/\/api.w.org\/{rel}","templated":true}]}}