{"id":12481,"date":"2025-10-20T10:53:55","date_gmt":"2025-10-20T10:53:55","guid":{"rendered":"https:\/\/foreverwood.ro\/?post_type=product&#038;p=12481"},"modified":"2025-11-03T10:46:25","modified_gmt":"2025-11-03T10:46:25","slug":"scandura-tip-molid-45x95","status":"publish","type":"product","link":"https:\/\/foreverwood.ro\/ro\/produs\/scandura-tip-molid-45x95\/","title":{"rendered":"Dulapi tip molid 45\u00d795"},"content":{"rendered":"<p><span style=\"font-size: inherit;\">Descrierea produsului<\/span><\/p>\n<div class=\"elementor-element elementor-element-f4b83df elementor-widget elementor-widget-woocommerce-product-content\" data-id=\"f4b83df\" data-element_type=\"widget\" data-widget_type=\"woocommerce-product-content.default\">\n<div class=\"elementor-widget-container\">\n<p><strong>Sc\u00e2nduri rindeluite &#8211; suprafa\u021b\u0103 neted\u0103, utilizare versatil\u0103<\/strong><\/p>\n<p>A\u00a0<strong>sc\u00e2nduri rindeluite<\/strong>\u00a0cu suprafa\u021ba lor neted\u0103, lustruit\u0103 uniform, acestea sunt ideale pentru utilizare \u00een construc\u021bii, plac\u0103ri \u0219i design interior. Datorit\u0103 prelucr\u0103rii lor precise, acestea sunt u\u0219or de manevrat, ofer\u0103 un aspect estetic \u0219i ofer\u0103 o gam\u0103 larg\u0103 de aplica\u021bii.<\/p>\n<p><strong>Utilizare<\/strong><\/p>\n<ul>\n<li><strong>Ca pardoseal\u0103:\u00a0<\/strong>Pentru pardoseli din lemn uniforme, cu aspect natural.<\/li>\n<li><strong>Ca placare a pere\u021bilor \u0219i tavanelor:\u00a0<\/strong>Creeaz\u0103 o atmosfer\u0103 cald\u0103 \u0219i natural\u0103 \u00een interior.<\/li>\n<li><strong>Pentru inginerie structural\u0103:\u00a0<\/strong>Cherestea stabil\u0103, puternic\u0103 pentru construc\u021bii.<\/li>\n<li><strong>Pentru mobilier \u0219i elemente din lemn personalizate:\u00a0<\/strong>Lemn de \u00eenalt\u0103 calitate pentru diverse aplica\u021bii de t\u00e2mpl\u0103rie.<\/li>\n<\/ul>\n<p><strong>Informa\u021bii importante<\/strong><\/p>\n<ul>\n<li><strong>Suprafa\u021b\u0103 neted\u0103 lustruit\u0103:<\/strong>\u00a0U\u0219or de manevrat \u0219i u\u0219or de vopsit \u0219i l\u0103cuit.<\/li>\n<li><strong>Durabil \u0219i rezistent la intemperii:<\/strong>\u00a0Tratament de protec\u021bie recomandat pentru utilizarea \u00een exterior (<strong>\u00a0Dl Lazur<\/strong>).<\/li>\n<li><strong>Disponibil \u00een mai multe dimensiuni \u0219i grosimi<\/strong>, astfel \u00eenc\u00e2t s\u0103 o pute\u021bi g\u0103si pe cea potrivit\u0103 pentru fiecare proiect.<\/li>\n<\/ul>\n<p><strong>De ce s\u0103 ne alege\u021bi?<\/strong><\/p>\n<ul>\n<li>Lemn de calitate superioar\u0103, selectat cu grij\u0103.<\/li>\n<li>Op\u021biuni flexibile de comand\u0103, chiar \u0219i \u00een dimensiuni personalizate.<\/li>\n<li>Livrare rapid\u0103 \u0219i fiabil\u0103 \u00een \u00eentreaga \u021bar\u0103.<\/li>\n<\/ul>\n<p><strong>Oferim un pre\u021b special pentru comenzi mari.<\/strong><strong><br \/>\n<\/strong><strong>Ave\u021bi o \u00eentrebare? Ave\u021bi nevoie de livrare? Contacta\u021bi-ne!<\/strong><\/p>\n<\/div>\n<\/div>","protected":false},"excerpt":{"rendered":"<p>Scandura din molid 45 mm grosime, 95 mm latime, lungime 4,5 m.<\/p>\n<p>Lemn tip nordic, uscat, rindeluit pe cele 4 fete.<\/p>\n<p>Clasificat \u00een clasa de rezisten\u021b\u0103 C24<\/p>","protected":false},"featured_media":15525,"comment_status":"open","ping_status":"closed","template":"","meta":{"_acf_changed":false},"product_brand":[],"product_cat":[1065],"product_tag":[],"class_list":{"0":"post-12481","1":"product","2":"type-product","3":"status-publish","4":"has-post-thumbnail","6":"product_cat-gyalult-pallok","8":"first","9":"instock","10":"taxable","11":"shipping-taxable","12":"purchasable","13":"product-type-simple"},"acf":[],"_links":{"self":[{"href":"https:\/\/foreverwood.ro\/ro\/wp-json\/wp\/v2\/product\/12481","targetHints":{"allow":["GET"]}}],"collection":[{"href":"https:\/\/foreverwood.ro\/ro\/wp-json\/wp\/v2\/product"}],"about":[{"href":"https:\/\/foreverwood.ro\/ro\/wp-json\/wp\/v2\/types\/product"}],"replies":[{"embeddable":true,"href":"https:\/\/foreverwood.ro\/ro\/wp-json\/wp\/v2\/comments?post=12481"}],"wp:featuredmedia":[{"embeddable":true,"href":"https:\/\/foreverwood.ro\/ro\/wp-json\/wp\/v2\/media\/15525"}],"wp:attachment":[{"href":"https:\/\/foreverwood.ro\/ro\/wp-json\/wp\/v2\/media?parent=12481"}],"wp:term":[{"taxonomy":"product_brand","embeddable":true,"href":"https:\/\/foreverwood.ro\/ro\/wp-json\/wp\/v2\/product_brand?post=12481"},{"taxonomy":"product_cat","embeddable":true,"href":"https:\/\/foreverwood.ro\/ro\/wp-json\/wp\/v2\/product_cat?post=12481"},{"taxonomy":"product_tag","embeddable":true,"href":"https:\/\/foreverwood.ro\/ro\/wp-json\/wp\/v2\/product_tag?post=12481"}],"curies":[{"name":"wp","href":"https:\/\/api.w.org\/{rel}","templated":true}]}}