{"id":12463,"date":"2025-10-20T09:17:40","date_gmt":"2025-10-20T09:17:40","guid":{"rendered":"https:\/\/foreverwood.ro\/?post_type=product&#038;p=12463"},"modified":"2025-12-09T14:13:10","modified_gmt":"2025-12-09T14:13:10","slug":"cherestele-rasinoase","status":"publish","type":"product","link":"https:\/\/foreverwood.ro\/ro\/produs\/cherestele-rasinoase\/","title":{"rendered":"Cherestele r\u0103\u0219inoase"},"content":{"rendered":"<p data-start=\"100\" data-end=\"153\"><strong data-start=\"104\" data-end=\"153\">Lemn pentru construc\u021bii \u2013 provenien\u021b\u0103 Ucraina<\/strong><\/p>\n<p data-start=\"155\" data-end=\"371\">Produsele din lista de mai jos sunt <strong data-start=\"191\" data-end=\"214\">disponibile imediat<\/strong>, \u00een limita stocului existent.<br data-start=\"244\" data-end=\"247\" \/>Oferim <strong data-start=\"254\" data-end=\"287\">lemn de construc\u021bii ucrainean<\/strong>, de calitate superioar\u0103, potrivit pentru diverse lucr\u0103ri structurale \u0219i de finisaj.<\/p>\n<p data-start=\"373\" data-end=\"505\">Pentru <strong data-start=\"380\" data-end=\"409\">comenzi de camion complet<\/strong>, livrarea se face <strong data-start=\"428\" data-end=\"448\">direct din gater<\/strong>, cu un <strong data-start=\"456\" data-end=\"502\">termen de livrare estimat de 4\u20136 s\u0103pt\u0103m\u00e2ni<\/strong>.<\/p>\n<p data-start=\"507\" data-end=\"598\">Contacteaz\u0103-ne pentru detalii, oferte personalizate \u0219i informa\u021bii despre stocurile actuale!<\/p>","protected":false},"excerpt":{"rendered":"<p data-start=\"126\" data-end=\"177\"><strong data-start=\"130\" data-end=\"177\">Pre\u021buri \u2013 lemn pentru construc\u021bii (Ucraina)<\/strong><\/p>\n<p data-start=\"179\" data-end=\"342\">Pre\u021burile pot varia \u00een func\u021bie de <strong data-start=\"213\" data-end=\"226\">cantitate<\/strong>, <strong data-start=\"228\" data-end=\"254\">specifica\u021biile tehnice<\/strong> \u0219i <strong data-start=\"258\" data-end=\"283\">condi\u021biile de livrare<\/strong>.<br data-start=\"284\" data-end=\"287\" \/>Pentru oferte personalizate, te rug\u0103m s\u0103 ne contactezi.<\/p>\n<p data-start=\"344\" data-end=\"446\"><strong data-start=\"344\" data-end=\"374\">Dulapi, grinzi (4 m; 6 m):<\/strong><br data-start=\"374\" data-end=\"377\" \/><b>1700<\/b> + costul transportului din depozit<br data-start=\"427\" data-end=\"430\" \/>(plata \u00een avans)<\/p>\n<p data-start=\"448\" data-end=\"488\"><strong data-start=\"448\" data-end=\"473\">Dulapi, grinzi (5 m):<\/strong><\/p>\n<p data-start=\"448\" data-end=\"488\">\u00a0+76 ron\/m\u00b3<\/p>\n<p data-start=\"490\" data-end=\"529\"><strong data-start=\"490\" data-end=\"514\">Sc\u00e2ndur\u0103 (4 m; 6 m):<\/strong><br data-start=\"514\" data-end=\"517\" \/>\u00a0+76 ron\/m\u00b3<\/p>\n<p><strong data-start=\"531\" data-end=\"550\">Sc\u00e2ndur\u0103 (5 m):<\/strong><br data-start=\"550\" data-end=\"553\" \/>\u00a0+76+76 ron\/m\u00b3<\/p>","protected":false},"featured_media":12464,"comment_status":"open","ping_status":"closed","template":"","meta":{"_acf_changed":false},"product_brand":[],"product_cat":[1193],"product_tag":[],"class_list":{"0":"post-12463","1":"product","2":"type-product","3":"status-publish","4":"has-post-thumbnail","6":"product_cat-revanzatori","8":"first","9":"instock","10":"taxable","11":"shipping-taxable","12":"purchasable","13":"product-type-simple"},"acf":[],"_links":{"self":[{"href":"https:\/\/foreverwood.ro\/ro\/wp-json\/wp\/v2\/product\/12463","targetHints":{"allow":["GET"]}}],"collection":[{"href":"https:\/\/foreverwood.ro\/ro\/wp-json\/wp\/v2\/product"}],"about":[{"href":"https:\/\/foreverwood.ro\/ro\/wp-json\/wp\/v2\/types\/product"}],"replies":[{"embeddable":true,"href":"https:\/\/foreverwood.ro\/ro\/wp-json\/wp\/v2\/comments?post=12463"}],"wp:featuredmedia":[{"embeddable":true,"href":"https:\/\/foreverwood.ro\/ro\/wp-json\/wp\/v2\/media\/12464"}],"wp:attachment":[{"href":"https:\/\/foreverwood.ro\/ro\/wp-json\/wp\/v2\/media?parent=12463"}],"wp:term":[{"taxonomy":"product_brand","embeddable":true,"href":"https:\/\/foreverwood.ro\/ro\/wp-json\/wp\/v2\/product_brand?post=12463"},{"taxonomy":"product_cat","embeddable":true,"href":"https:\/\/foreverwood.ro\/ro\/wp-json\/wp\/v2\/product_cat?post=12463"},{"taxonomy":"product_tag","embeddable":true,"href":"https:\/\/foreverwood.ro\/ro\/wp-json\/wp\/v2\/product_tag?post=12463"}],"curies":[{"name":"wp","href":"https:\/\/api.w.org\/{rel}","templated":true}]}}