{"id":9181,"date":"2025-09-18T11:49:55","date_gmt":"2025-09-18T11:49:55","guid":{"rendered":"https:\/\/foreverwood.ro\/termek\/lambriu-pin-nordic-14x121-mm-calitate-ab\/"},"modified":"2025-10-22T09:16:51","modified_gmt":"2025-10-22T09:16:51","slug":"lambriu-pin-nordic-14x121-mm-calitate-ab","status":"publish","type":"product","link":"https:\/\/foreverwood.ro\/hu\/termek\/lambriu-pin-nordic-14x121-mm-calitate-ab\/","title":{"rendered":"Lambriu Pin Nordic, 14&#215;121 mm, calitate AB"},"content":{"rendered":"<p data-start=\"0\" data-end=\"44\"><strong data-start=\"0\" data-end=\"42\">Lambriu \u2013 Placare natural\u0103 \u0219i durabil\u0103<\/strong><\/p>\n<p data-start=\"46\" data-end=\"305\">Lambriul nu este doar un element decorativ, ci un material natural care reac\u021bioneaz\u0103 continuu la mediul \u00eenconjur\u0103tor. Lemnul este un \u201ematerial viu\u201d, iar cu o montare \u0219i \u00eengrijire corespunz\u0103toare \u00ee\u0219i p\u0103streaz\u0103 stabilitatea \u0219i aspectul estetic pe termen lung.<\/p>\n<p data-start=\"307\" data-end=\"350\"><strong data-start=\"307\" data-end=\"348\">La ce trebuie s\u0103 fii atent la montaj:<\/strong><\/p>\n<ul data-start=\"351\" data-end=\"676\">\n<li data-start=\"351\" data-end=\"457\">\n<p data-start=\"353\" data-end=\"457\"><strong data-start=\"353\" data-end=\"376\">Spa\u021biu de dilatare:<\/strong> Lemnul se dilat\u0103 individual, deci este important s\u0103 se lase rosturi la montaj.<\/p>\n<\/li>\n<li data-start=\"458\" data-end=\"564\">\n<p data-start=\"460\" data-end=\"564\"><strong data-start=\"460\" data-end=\"484\">Umiditatea lemnului:<\/strong> Umiditatea tipic\u0103 a lemnului uscat tehnologic este de 14\u00b12%, dar poate varia.<\/p>\n<\/li>\n<li data-start=\"565\" data-end=\"676\">\n<p data-start=\"567\" data-end=\"676\"><strong data-start=\"567\" data-end=\"582\">Depozitare:<\/strong> Condi\u021biile improprii pot duce la reabsorb\u021bia umidit\u0103\u021bii \u0219i deformarea lemnului dup\u0103 montaj.<\/p>\n<\/li>\n<\/ul>\n<p data-start=\"678\" data-end=\"820\">Cu o instalare \u0219i \u00eentre\u021binere corect\u0103, lambriul ofer\u0103 o suprafa\u021b\u0103 durabil\u0103, natural\u0103 \u0219i estetic\u0103, care \u00ee\u0219i p\u0103streaz\u0103 frumuse\u021bea ani la r\u00e2nd.<\/p>\n<p data-start=\"822\" data-end=\"933\" data-is-last-node=\"\" data-is-only-node=\"\"><strong data-start=\"822\" data-end=\"875\">Pentru comenzi mari oferim pre\u021buri personalizate.<\/strong><br data-start=\"875\" data-end=\"878\" \/>Ai \u00eentreb\u0103ri sau dore\u0219ti transport? <strong data-start=\"914\" data-end=\"933\" data-is-last-node=\"\">Contacteaz\u0103-ne!<\/strong><\/p>\n","protected":false},"excerpt":{"rendered":"<p><strong data-start=\"0\" data-end=\"12\" data-is-only-node=\"\">Grosime:<\/strong> 14 mm<br data-start=\"18\" data-end=\"21\" \/><strong data-start=\"21\" data-end=\"32\">L\u0103\u021bime:<\/strong> 121 mm<br data-start=\"39\" data-end=\"42\" \/><strong data-start=\"42\" data-end=\"66\">Lungime disponibil\u0103:<\/strong> 4,4.2 m<br data-start=\"72\" data-end=\"75\" \/><strong data-start=\"75\" data-end=\"95\">Esen\u021b\u0103 lemnoas\u0103:<\/strong> Pin nordic<\/p>\n<p>209 m2\/palet<\/p>\n<p>Pret pentru companii<\/p>\n","protected":false},"featured_media":3985,"comment_status":"open","ping_status":"closed","template":"","meta":{"_acf_changed":false},"product_brand":[],"product_cat":[1193],"product_tag":[],"class_list":{"0":"post-9181","1":"product","2":"type-product","3":"status-publish","4":"has-post-thumbnail","6":"product_cat-revanzatori","8":"first","9":"instock","10":"taxable","11":"shipping-taxable","12":"purchasable","13":"product-type-simple"},"acf":[],"_links":{"self":[{"href":"https:\/\/foreverwood.ro\/hu\/wp-json\/wp\/v2\/product\/9181","targetHints":{"allow":["GET"]}}],"collection":[{"href":"https:\/\/foreverwood.ro\/hu\/wp-json\/wp\/v2\/product"}],"about":[{"href":"https:\/\/foreverwood.ro\/hu\/wp-json\/wp\/v2\/types\/product"}],"replies":[{"embeddable":true,"href":"https:\/\/foreverwood.ro\/hu\/wp-json\/wp\/v2\/comments?post=9181"}],"wp:featuredmedia":[{"embeddable":true,"href":"https:\/\/foreverwood.ro\/hu\/wp-json\/wp\/v2\/media\/3985"}],"wp:attachment":[{"href":"https:\/\/foreverwood.ro\/hu\/wp-json\/wp\/v2\/media?parent=9181"}],"wp:term":[{"taxonomy":"product_brand","embeddable":true,"href":"https:\/\/foreverwood.ro\/hu\/wp-json\/wp\/v2\/product_brand?post=9181"},{"taxonomy":"product_cat","embeddable":true,"href":"https:\/\/foreverwood.ro\/hu\/wp-json\/wp\/v2\/product_cat?post=9181"},{"taxonomy":"product_tag","embeddable":true,"href":"https:\/\/foreverwood.ro\/hu\/wp-json\/wp\/v2\/product_tag?post=9181"}],"curies":[{"name":"wp","href":"https:\/\/api.w.org\/{rel}","templated":true}]}}