{"id":9134,"date":"2025-09-18T11:49:54","date_gmt":"2025-09-18T11:49:54","guid":{"rendered":"https:\/\/foreverwood.ro\/termek\/coltare-metalice-perforate-intarite\/"},"modified":"2026-03-05T02:30:21","modified_gmt":"2026-03-05T02:30:21","slug":"coltare-metalice-perforate-intarite","status":"publish","type":"product","link":"https:\/\/foreverwood.ro\/hu\/termek\/coltare-metalice-perforate-intarite\/","title":{"rendered":"Coltare metalice perforate intarite"},"content":{"rendered":"<p>Er\u0151s\u00edtett sarok\u00f6sszek\u00f6t\u0151 alkalmas, m\u00e1s n\u00e9ven er\u0151s\u00edtett sarokvas, fa\/fa \u00e9s fa\/k\u0151 t\u00edpus\u00fa szerkezetek \u00f6sszeszerel\u00e9s\u00e9hez. Az er\u0151s\u00edtett sarok\u00f6sszek\u00f6t\u0151k az er\u0151s\u00edt\u00e9snek k\u00f6sz\u00f6nhet\u0151en nagyobb terhelhet\u0151s\u00e9ggel rendelkeznek, mint a norm\u00e1l sarok\u00f6sszek\u00f6t\u0151k. Az er\u0151s\u00edtett sarok\u00f6sszek\u00f6t\u0151 anyaga 2,5 mm vagy 3,0 mm-es t\u0171zi horganyzott ac\u00e9l. 5 mm-es, illetve m\u00e9rett\u0151l f\u00fcgg\u0151en tov\u00e1bbi 7, 9, 11 \u00e9s\/vagy 13 mm-es furatokkal ell\u00e1tva.<\/p>\n<p>Jelenleg n\u00e1lunk 70mm-es, 90mm-es, 105mm-es \u00e9s 120mm- es sz\u00e1rral kaphat\u00f3ak:<\/p>\n<p>70x70x55x2,5<\/p>\n<p>90x90x65x2,5<\/p>\n<p>105x105x90x2,5<\/p>\n<p>120x120x90x3<\/p>\n","protected":false},"excerpt":{"rendered":"<p>Er\u0151s\u00edtett sarok\u00f6sszek\u00f6t\u0151<\/p>\n","protected":false},"featured_media":3917,"comment_status":"open","ping_status":"closed","template":"","meta":{"_acf_changed":false},"product_brand":[],"product_cat":[1189],"product_tag":[],"class_list":{"0":"post-9134","1":"product","2":"type-product","3":"status-publish","4":"has-post-thumbnail","6":"product_cat-fem-rogzitoelemek-es-kapcsok","8":"first","9":"instock","10":"taxable","11":"shipping-taxable","12":"purchasable","13":"product-type-variable"},"acf":[],"_links":{"self":[{"href":"https:\/\/foreverwood.ro\/hu\/wp-json\/wp\/v2\/product\/9134","targetHints":{"allow":["GET"]}}],"collection":[{"href":"https:\/\/foreverwood.ro\/hu\/wp-json\/wp\/v2\/product"}],"about":[{"href":"https:\/\/foreverwood.ro\/hu\/wp-json\/wp\/v2\/types\/product"}],"replies":[{"embeddable":true,"href":"https:\/\/foreverwood.ro\/hu\/wp-json\/wp\/v2\/comments?post=9134"}],"wp:featuredmedia":[{"embeddable":true,"href":"https:\/\/foreverwood.ro\/hu\/wp-json\/wp\/v2\/media\/3917"}],"wp:attachment":[{"href":"https:\/\/foreverwood.ro\/hu\/wp-json\/wp\/v2\/media?parent=9134"}],"wp:term":[{"taxonomy":"product_brand","embeddable":true,"href":"https:\/\/foreverwood.ro\/hu\/wp-json\/wp\/v2\/product_brand?post=9134"},{"taxonomy":"product_cat","embeddable":true,"href":"https:\/\/foreverwood.ro\/hu\/wp-json\/wp\/v2\/product_cat?post=9134"},{"taxonomy":"product_tag","embeddable":true,"href":"https:\/\/foreverwood.ro\/hu\/wp-json\/wp\/v2\/product_tag?post=9134"}],"curies":[{"name":"wp","href":"https:\/\/api.w.org\/{rel}","templated":true}]}}