{"id":18602,"date":"2026-01-13T10:54:20","date_gmt":"2026-01-13T10:54:20","guid":{"rendered":"https:\/\/foreverwood.ro\/termek\/lambriu-pin-nordic-14x121-mm-calitate-bc\/"},"modified":"2026-03-05T02:30:21","modified_gmt":"2026-03-05T02:30:21","slug":"lambriu-pin-nordic-14x121-mm-calitate-bc","status":"publish","type":"product","link":"https:\/\/foreverwood.ro\/hu\/termek\/lambriu-pin-nordic-14x121-mm-calitate-bc\/","title":{"rendered":"Lambriu Pin Nordic, 14&#215;121 mm, calitate BC"},"content":{"rendered":"<div class=\"elementor-element elementor-element-c80eb9d elementor-widget elementor-widget-heading\" data-id=\"c80eb9d\" data-element_type=\"widget\" data-widget_type=\"heading.default\">\n<div class=\"elementor-widget-container\">\n<p class=\"elementor-heading-title elementor-size-default\"><strong style=\"font-size: inherit;\">Lamb\u00e9ria \u2013 Term\u00e9szetes \u00e9s id\u0151t\u00e1ll\u00f3 burkolat<\/strong><\/p>\n<\/div>\n<\/div>\n<div class=\"elementor-element elementor-element-f4b83df elementor-widget elementor-widget-woocommerce-product-content\" data-id=\"f4b83df\" data-element_type=\"widget\" data-widget_type=\"woocommerce-product-content.default\">\n<div class=\"elementor-widget-container\">\n<p>A lamb\u00e9ria\u00a0<strong>nem csup\u00e1n egy burkolati elem<\/strong>, hanem egy term\u00e9szetes anyag, amely \u00e9lete v\u00e9g\u00e9ig reag\u00e1l a k\u00f6rnyezet\u00e9re. A fa egy\u00a0<strong>\u201e\u00e9l\u0151 anyag\u201d<\/strong>, amely folyamatosan dolgozik, ez\u00e9rt megfelel\u0151 telep\u00edt\u00e9ssel \u00e9s odafigyel\u00e9ssel biztos\u00edthat\u00f3 a hossz\u00fa t\u00e1v\u00fa stabilit\u00e1sa \u00e9s eszt\u00e9tik\u00e1ja.<\/p>\n<p><strong>Mire figyelj lamb\u00e9ria be\u00e9p\u00edt\u00e9s\u00e9n\u00e9l?<\/strong><\/p>\n<ul>\n<li><strong>Mozg\u00e1st\u00e9r biztos\u00edt\u00e1sa\u00a0<\/strong>\u2013 A lamb\u00e9ria sz\u00e1lank\u00e9nt t\u00e1gul, ez\u00e9rt a telep\u00edt\u00e9s sor\u00e1n\u00a0<strong>mindig hagyni kell megfelel\u0151 h\u00e9zagot<\/strong>\u00a0a mozg\u00e1s \u00e9rdek\u00e9ben.<\/li>\n<li><strong>Fa nedvess\u00e9gtartalma\u00a0<\/strong>\u2013 A m\u0171sz\u00e1r\u00edtott lamb\u00e9ria jellemz\u0151 nedvess\u00e9gtartalma\u00a0<strong>14\u00b12%<\/strong>, de egyes forgalmaz\u00f3k ak\u00e1r 10-12%-ra is sz\u00e1r\u00edtj\u00e1k. Ez azonban nem garant\u00e1lja, hogy a fa ne sz\u00edvja vissza a leveg\u0151 p\u00e1ratartalm\u00e1t.<\/li>\n<li><strong>T\u00e1rol\u00e1si k\u00f6r\u00fclm\u00e9nyek\u00a0<\/strong>\u2013 Ha a lamb\u00e9ria nem megfelel\u0151 k\u00f6rnyezetben van t\u00e1rolva, ak\u00e1r\u00a0<strong>15%-os visszanedvesed\u00e9s<\/strong>\u00a0is bek\u00f6vetkezhet, ami be\u00e9p\u00edt\u00e9s ut\u00e1n alakv\u00e1ltoz\u00e1shoz vezethet.<\/li>\n<\/ul>\n<p><strong>Min\u0151s\u00e9g \u00e9s szak\u00e9rtelem a tart\u00f3ss\u00e1g\u00e9rt<\/strong><\/p>\n<p>A lamb\u00e9ria megfelel\u0151 telep\u00edt\u00e9s\u00e9vel \u00e9s kezel\u00e9s\u00e9vel egy\u00a0<strong>tart\u00f3s, term\u00e9szetes \u00e9s eszt\u00e9tikus burkolatot<\/strong>\u00a0kapsz, amely hossz\u00fa \u00e9veken \u00e1t meg\u0151rzi sz\u00e9ps\u00e9g\u00e9t.\u00a0<strong>Fontos a megfelel\u0151 t\u00e1rol\u00e1s, a be\u00e9p\u00edt\u00e9s el\u0151tti akklimatiz\u00e1ci\u00f3 \u00e9s a helyes r\u00f6gz\u00edt\u00e9si technika.<\/strong><\/p>\n<p>Nagy t\u00e9tel eset\u00e9n egyedi \u00e1rat biztos\u00edtunk.<br \/>\nK\u00e9rd\u00e9sed van? Sz\u00e1ll\u00edt\u00e1st szeretn\u00e9l? Vedd fel vel\u00fcnk a kapcsolatot!<\/p>\n<\/div>\n<\/div>\n","protected":false},"excerpt":{"rendered":"<div class=\"elementor-element elementor-element-89dca9c elementor-widget elementor-widget-woocommerce-product-title elementor-page-title elementor-widget-heading\" data-id=\"89dca9c\" data-element_type=\"widget\" data-widget_type=\"woocommerce-product-title.default\">\n<div class=\"elementor-widget-container\">\n<p>Finn Lamb\u00e9ria Trap\u00e9z minta.<\/p>\n<p>Vastags\u00e1g:\u00a0<strong>14 mm <\/strong>Sz\u00e9less\u00e9g:\u00a0<strong>121 mm<\/strong><\/p>\n<p>El\u00e9rhet\u0151 m\u00e9retek: <strong>4,2\u00a0m<\/strong><\/p>\n<p>Fa fajta: <strong>Borovi Feny\u0151<\/strong><\/p>\n<p>Sz\u00e1rmaz\u00e1s: <strong>Finn<\/strong><\/p>\n<p>Min\u0151s\u00e9g: <strong>B-C<\/strong><\/p>\n<\/div>\n<\/div>\n","protected":false},"featured_media":18598,"comment_status":"open","ping_status":"closed","template":"","meta":{"_acf_changed":false},"product_brand":[],"product_cat":[1061],"product_tag":[],"class_list":{"0":"post-18602","1":"product","2":"type-product","3":"status-publish","4":"has-post-thumbnail","6":"product_cat-lamberiak","8":"first","9":"instock","10":"taxable","11":"shipping-taxable","12":"purchasable","13":"product-type-variable"},"acf":[],"_links":{"self":[{"href":"https:\/\/foreverwood.ro\/hu\/wp-json\/wp\/v2\/product\/18602","targetHints":{"allow":["GET"]}}],"collection":[{"href":"https:\/\/foreverwood.ro\/hu\/wp-json\/wp\/v2\/product"}],"about":[{"href":"https:\/\/foreverwood.ro\/hu\/wp-json\/wp\/v2\/types\/product"}],"replies":[{"embeddable":true,"href":"https:\/\/foreverwood.ro\/hu\/wp-json\/wp\/v2\/comments?post=18602"}],"wp:featuredmedia":[{"embeddable":true,"href":"https:\/\/foreverwood.ro\/hu\/wp-json\/wp\/v2\/media\/18598"}],"wp:attachment":[{"href":"https:\/\/foreverwood.ro\/hu\/wp-json\/wp\/v2\/media?parent=18602"}],"wp:term":[{"taxonomy":"product_brand","embeddable":true,"href":"https:\/\/foreverwood.ro\/hu\/wp-json\/wp\/v2\/product_brand?post=18602"},{"taxonomy":"product_cat","embeddable":true,"href":"https:\/\/foreverwood.ro\/hu\/wp-json\/wp\/v2\/product_cat?post=18602"},{"taxonomy":"product_tag","embeddable":true,"href":"https:\/\/foreverwood.ro\/hu\/wp-json\/wp\/v2\/product_tag?post=18602"}],"curies":[{"name":"wp","href":"https:\/\/api.w.org\/{rel}","templated":true}]}}