{"id":14955,"date":"2025-10-30T09:14:04","date_gmt":"2025-10-30T09:14:04","guid":{"rendered":"https:\/\/foreverwood.ro\/termek\/woodstar-surub-structural-pentru-dulgherie-cap-farfurie\/"},"modified":"2025-11-06T02:30:12","modified_gmt":"2025-11-06T02:30:12","slug":"woodstar-surub-structural-pentru-dulgherie-cap-farfurie","status":"publish","type":"product","link":"https:\/\/foreverwood.ro\/hu\/termek\/woodstar-surub-structural-pentru-dulgherie-cap-farfurie\/","title":{"rendered":"WoodStar \u0219urub structural pentru dulgherie- cap farfurie"},"content":{"rendered":"<p>Lapos nagyfej\u0171, \u00f6nmetsz\u0151 faszerkezeti csavarjainkat nat\u00far faszerkezetek r\u00f6gz\u00edt\u00e9s\u00e9hez, \u00e1csszerkezetek massz\u00edv r\u00f6gz\u00edt\u00e9s\u00e9re, fa j\u00e1tsz\u00f3terek elemeinek r\u00f6gz\u00edt\u00e9s\u00e9re, t\u00e9likertek \u00f6sszeszerel\u00e9s\u00e9re aj\u00e1nljuk. A r\u00f6videbb csavarok kiv\u00e1l\u00f3an haszn\u00e1lhat\u00f3ak f\u00e9m szerelv\u00e9nyek f\u00e1hoz t\u00f6rt\u00e9n\u0151 r\u00f6gz\u00edt\u00e9s\u00e9hez. A lapos nagy fej kiv\u00e1l\u00f3an helyettes\u00edti a fak\u00f6t\u00e9ses al\u00e1t\u00e9tet, ugyanakkor rendk\u00edv\u00fcl helytakar\u00e9kos megold\u00e1st ny\u00fajt. Jelenleg k\u00e9szleten vannak:<\/p>\n<p>6x60mm &#8211; 100db\/doboz &#8211; s\u00e1rga horganyzott<\/p>\n<p>6x80mm &#8211; 200db\/doboz &#8211; s\u00e1rga horganyzott<\/p>\n<p>6x100mm &#8211; 100db\/doboz &#8211; s\u00e1rga horganyzott<\/p>\n<p>6x120mm &#8211; 100db\/doboz &#8211; s\u00e1rga horganyzott<\/p>\n<p>6x140mm &#8211; 100db\/doboz &#8211; s\u00e1rga horganyzott<\/p>\n<p>6x160mm &#8211; 100db\/doboz &#8211; s\u00e1rga horganyzott<\/p>\n<p>6x180mm &#8211; 100db\/doboz &#8211; s\u00e1rga horganyzott<\/p>\n<p>6x200mm &#8211; 100db\/doboz &#8211; s\u00e1rga horganyzott<\/p>\n<p>6x220mm &#8211; 100db\/doboz &#8211; s\u00e1rga horganyzott<\/p>\n<p>6x240mm &#8211; 100db\/doboz &#8211; s\u00e1rga horganyzott<\/p>\n<p>8x40mm &#8211; 100db\/doboz &#8211; feh\u00e9r horganyzott<\/p>\n<p>8x50mm &#8211; 100db\/doboz &#8211; feh\u00e9r horganyzott<\/p>\n<p>8x60mm &#8211; 100db\/doboz &#8211; s\u00e1rga horganyzott<\/p>\n<p>8x80mm &#8211; 100db\/doboz &#8211; s\u00e1rga horganyzott<\/p>\n<p>8x100mm &#8211; 100db\/doboz &#8211; s\u00e1rga horganyzott<\/p>\n<p>8x120mm &#8211; 100db\/doboz &#8211; s\u00e1rga horganyzott<\/p>\n<p>8x140mm &#8211; 100db\/doboz &#8211; s\u00e1rga horganyzott<\/p>\n<p>8x160mm &#8211; 50db\/doboz &#8211; s\u00e1rga horganyzott<\/p>\n<p>8x180mm &#8211; 50db\/doboz &#8211; s\u00e1rga horganyzott<\/p>\n<p>8x200mm &#8211; 50db\/doboz &#8211; s\u00e1rga horganyzott<\/p>\n<p>8x220mm &#8211; 50db\/doboz &#8211; s\u00e1rga horganyzott<\/p>\n<p>8x240mm &#8211; 50db\/doboz &#8211; s\u00e1rga horganyzott<\/p>\n<p>8x260mm &#8211; 50db\/doboz &#8211; s\u00e1rga horganyzott<\/p>\n<p>8x280mm &#8211; 50db\/doboz &#8211; s\u00e1rga horganyzott<\/p>\n<p>8x300mm &#8211; 50db\/doboz &#8211; s\u00e1rga horganyzott<\/p>\n","protected":false},"excerpt":{"rendered":"<p>Faforg\u00e1cslap csavar<\/p>\n","protected":false},"featured_media":3897,"comment_status":"open","ping_status":"closed","template":"","meta":{"_acf_changed":false},"product_brand":[],"product_cat":[1068,1076],"product_tag":[],"class_list":{"0":"post-14955","1":"product","2":"type-product","3":"status-publish","4":"has-post-thumbnail","6":"product_cat-acsszerkezeti-csavar","7":"product_cat-csavarok","9":"first","10":"instock","11":"taxable","12":"shipping-taxable","13":"purchasable","14":"product-type-variable"},"acf":[],"_links":{"self":[{"href":"https:\/\/foreverwood.ro\/hu\/wp-json\/wp\/v2\/product\/14955","targetHints":{"allow":["GET"]}}],"collection":[{"href":"https:\/\/foreverwood.ro\/hu\/wp-json\/wp\/v2\/product"}],"about":[{"href":"https:\/\/foreverwood.ro\/hu\/wp-json\/wp\/v2\/types\/product"}],"replies":[{"embeddable":true,"href":"https:\/\/foreverwood.ro\/hu\/wp-json\/wp\/v2\/comments?post=14955"}],"wp:featuredmedia":[{"embeddable":true,"href":"https:\/\/foreverwood.ro\/hu\/wp-json\/wp\/v2\/media\/3897"}],"wp:attachment":[{"href":"https:\/\/foreverwood.ro\/hu\/wp-json\/wp\/v2\/media?parent=14955"}],"wp:term":[{"taxonomy":"product_brand","embeddable":true,"href":"https:\/\/foreverwood.ro\/hu\/wp-json\/wp\/v2\/product_brand?post=14955"},{"taxonomy":"product_cat","embeddable":true,"href":"https:\/\/foreverwood.ro\/hu\/wp-json\/wp\/v2\/product_cat?post=14955"},{"taxonomy":"product_tag","embeddable":true,"href":"https:\/\/foreverwood.ro\/hu\/wp-json\/wp\/v2\/product_tag?post=14955"}],"curies":[{"name":"wp","href":"https:\/\/api.w.org\/{rel}","templated":true}]}}