{"id":13852,"date":"2025-10-24T02:30:17","date_gmt":"2025-10-24T02:30:17","guid":{"rendered":"https:\/\/foreverwood.ro\/termek\/ttteesszzt-coltar-metalic-45-de-grade\/"},"modified":"2026-03-05T02:30:21","modified_gmt":"2026-03-05T02:30:21","slug":"ttteesszzt-coltar-metalic-45-de-grade","status":"publish","type":"product","link":"https:\/\/foreverwood.ro\/hu\/termek\/ttteesszzt-coltar-metalic-45-de-grade\/","title":{"rendered":"Coltar metalic 45 de grade"},"content":{"rendered":"<p>45\u00b0-os sarok\u00f6sszek\u00f6t\u0151 alkalmas fa\/fa \u00e9s fa\/k\u0151 t\u00edpus\u00fa szerkezetek \u00f6sszeszerel\u00e9s\u00e9hez. A 45\u00b0-os sarok\u00f6sszek\u00f6t\u0151k ide\u00e1lis megold\u00e1sul szolg\u00e1lnak gerend\u00e1k \u00e9s \u00e1ll\u00f3 szerkezetek r\u00f6gz\u00edt\u00e9s\u00e9re, szaruf\u00e1k \u00f6sszek\u00f6t\u00e9s\u00e9re. A 45\u00b0-os sarok\u00f6sszek\u00f6t\u0151 anyaga 2,0 mm vagy 2,5 mm-es t\u00fczihorganyzott ac\u00e9l, 5 \u00e9s 11 mm-es furatokkal ell\u00e1tva. \u00cdgy is ismerheti: Sarokvas<\/p>\n","protected":false},"excerpt":{"rendered":"<p>45\u00b0-os sarok\u00f6sszek\u00f6t\u0151 alkalmas fa\/fa \u00e9s fa\/k\u0151 t\u00edpus\u00fa szerkezetek \u00f6sszeszerel\u00e9s\u00e9hez. A 45\u00b0-os sarok\u00f6sszek\u00f6t\u0151k ide\u00e1lis megold\u00e1sul szolg\u00e1lnak gerend\u00e1k \u00e9s \u00e1ll\u00f3 szerkezetek r\u00f6gz\u00edt\u00e9s\u00e9re, szaruf\u00e1k \u00f6sszek\u00f6t\u00e9s\u00e9re. A 45\u00b0-os sarok\u00f6sszek\u00f6t\u0151 anyaga 2,0 mm vagy 2,5 mm-es t\u00fczihorganyzott ac\u00e9l, 5 \u00e9s 11 mm-es furatokkal ell\u00e1tva. \u00cdgy is ismerheti: Sarokvas<\/p>\n","protected":false},"featured_media":3958,"comment_status":"open","ping_status":"closed","template":"","meta":{"_acf_changed":false},"product_brand":[],"product_cat":[1189],"product_tag":[],"class_list":{"0":"post-13852","1":"product","2":"type-product","3":"status-publish","4":"has-post-thumbnail","6":"product_cat-fem-rogzitoelemek-es-kapcsok","8":"first","9":"instock","10":"taxable","11":"shipping-taxable","12":"purchasable","13":"product-type-variable"},"acf":[],"_links":{"self":[{"href":"https:\/\/foreverwood.ro\/hu\/wp-json\/wp\/v2\/product\/13852","targetHints":{"allow":["GET"]}}],"collection":[{"href":"https:\/\/foreverwood.ro\/hu\/wp-json\/wp\/v2\/product"}],"about":[{"href":"https:\/\/foreverwood.ro\/hu\/wp-json\/wp\/v2\/types\/product"}],"replies":[{"embeddable":true,"href":"https:\/\/foreverwood.ro\/hu\/wp-json\/wp\/v2\/comments?post=13852"}],"wp:featuredmedia":[{"embeddable":true,"href":"https:\/\/foreverwood.ro\/hu\/wp-json\/wp\/v2\/media\/3958"}],"wp:attachment":[{"href":"https:\/\/foreverwood.ro\/hu\/wp-json\/wp\/v2\/media?parent=13852"}],"wp:term":[{"taxonomy":"product_brand","embeddable":true,"href":"https:\/\/foreverwood.ro\/hu\/wp-json\/wp\/v2\/product_brand?post=13852"},{"taxonomy":"product_cat","embeddable":true,"href":"https:\/\/foreverwood.ro\/hu\/wp-json\/wp\/v2\/product_cat?post=13852"},{"taxonomy":"product_tag","embeddable":true,"href":"https:\/\/foreverwood.ro\/hu\/wp-json\/wp\/v2\/product_tag?post=13852"}],"curies":[{"name":"wp","href":"https:\/\/api.w.org\/{rel}","templated":true}]}}