{"id":12563,"date":"2025-10-21T09:30:24","date_gmt":"2025-10-21T09:30:24","guid":{"rendered":"https:\/\/foreverwood.ro\/?post_type=product&#038;p=12563"},"modified":"2025-10-21T10:16:57","modified_gmt":"2025-10-21T10:16:57","slug":"deck-terasa-pin-nordic-28x146-mm-calitatea-ab-3","status":"publish","type":"product","link":"https:\/\/foreverwood.ro\/hu\/termek\/deck-terasa-pin-nordic-28x146-mm-calitatea-ab-3\/","title":{"rendered":"Deck terasa Pin Nordic 28&#215;146 mm, calitatea AB"},"content":{"rendered":"<p data-start=\"116\" data-end=\"168\"><strong data-start=\"120\" data-end=\"168\">Decking impregnat din pin nordic \u2013 Durabil \u0219i estetic<\/strong><\/p>\n<p data-start=\"170\" data-end=\"413\">Deck-urile din pin<strong data-start=\"185\" data-end=\"220\">\u00a0nordic, tratat la presiune<\/strong>, sunt ideale pentru exterior \u0219i respect\u0103 cele mai \u00eenalte standarde de rezisten\u021b\u0103. Ambele fe\u021be sunt micro-profilate, iar sistemul poate fi achizi\u021bionat complet cu grinzi \u0219i \u0219uruburi din inox.<\/p>\n<p data-start=\"415\" data-end=\"431\"><strong data-start=\"415\" data-end=\"429\">Utilizare:<\/strong><\/p>\n<ul data-start=\"432\" data-end=\"664\">\n<li data-start=\"432\" data-end=\"498\">\n<p data-start=\"434\" data-end=\"498\">Terase \u0219i balcoane \u2013 suprafa\u021b\u0103 durabil\u0103 \u0219i u\u0219or de \u00eentre\u021binut.<\/p>\n<\/li>\n<li data-start=\"432\" data-end=\"498\">\n<p data-start=\"434\" data-end=\"498\">\u00a0Zone de relaxare, pavilioane \u0219i pergole.<\/p>\n<\/li>\n<li data-start=\"560\" data-end=\"664\">\n<p data-start=\"562\" data-end=\"664\">Margini de piscine \u0219i spa\u021bii wellness \u2013 pl\u0103cut la atingere, antiderapant \u0219i rezistent la intemperii.<\/p>\n<\/li>\n<\/ul>\n<p data-start=\"666\" data-end=\"681\"><strong data-start=\"666\" data-end=\"679\">Avantaje:<\/strong><\/p>\n<ul data-start=\"682\" data-end=\"898\">\n<li data-start=\"682\" data-end=\"722\">\n<p data-start=\"684\" data-end=\"722\">Rezisten\u021b\u0103 la intemperii, UV \u0219i ap\u0103.<\/p>\n<\/li>\n<li data-start=\"723\" data-end=\"768\">\n<p data-start=\"725\" data-end=\"768\">Aspect natural, estetic \u0219i textur\u0103 unic\u0103.<\/p>\n<\/li>\n<li data-start=\"769\" data-end=\"898\">\n<p data-start=\"771\" data-end=\"898\">U\u0219or de \u00eentre\u021binut, f\u0103r\u0103 cr\u0103p\u0103turi sau a\u0219chii dac\u0103 este aplicat tratament recomandat (<em data-start=\"857\" data-end=\"864\">Lazur<\/em> sau alt finisaj UV\/waterproof).<\/p>\n<\/li>\n<\/ul>\n<p data-start=\"900\" data-end=\"926\"><strong data-start=\"900\" data-end=\"924\">De ce s\u0103 ne alege\u021bi?<\/strong><\/p>\n<ul data-start=\"927\" data-end=\"1071\">\n<li data-start=\"927\" data-end=\"992\">\n<p data-start=\"929\" data-end=\"992\">Lemn premium, disponibil \u00een diverse dimensiuni \u0219i la comand\u0103.<\/p>\n<\/li>\n<li data-start=\"993\" data-end=\"1029\">\n<p data-start=\"995\" data-end=\"1029\">Livrare flexibil\u0103 \u00een toat\u0103 \u021bara.<\/p>\n<\/li>\n<li data-start=\"1030\" data-end=\"1071\">\n<p data-start=\"1032\" data-end=\"1071\">Pre\u021buri speciale pentru comenzi mari.<\/p>\n<\/li>\n<\/ul>\n<p data-start=\"1073\" data-end=\"1115\">\ud83d\udcde \u00centreb\u0103ri sau livrare? Contacta\u021bi-ne!<\/p>\n","protected":false},"excerpt":{"rendered":"<p>Deck impregnat din pin nordic 28&#215;146 mm AB,<\/p>\n<p>4,2 m\/bucat\u0103 \u2013 ideal pentru terase \u0219i balcoane.<\/p>\n<p>103 mp\/palet<\/p>\n<p>Calitate: AB<\/p>\n<p>Pret\/palet<\/p>\n<p>Adresat firmelor<\/p>\n<p>&nbsp;<\/p>\n<p>&nbsp;<\/p>\n","protected":false},"featured_media":3923,"comment_status":"open","ping_status":"closed","template":"","meta":{"_acf_changed":false},"product_brand":[],"product_cat":[1193],"product_tag":[],"class_list":{"0":"post-12563","1":"product","2":"type-product","3":"status-publish","4":"has-post-thumbnail","6":"product_cat-revanzatori","8":"first","9":"instock","10":"taxable","11":"shipping-taxable","12":"purchasable","13":"product-type-simple"},"acf":[],"_links":{"self":[{"href":"https:\/\/foreverwood.ro\/hu\/wp-json\/wp\/v2\/product\/12563","targetHints":{"allow":["GET"]}}],"collection":[{"href":"https:\/\/foreverwood.ro\/hu\/wp-json\/wp\/v2\/product"}],"about":[{"href":"https:\/\/foreverwood.ro\/hu\/wp-json\/wp\/v2\/types\/product"}],"replies":[{"embeddable":true,"href":"https:\/\/foreverwood.ro\/hu\/wp-json\/wp\/v2\/comments?post=12563"}],"wp:featuredmedia":[{"embeddable":true,"href":"https:\/\/foreverwood.ro\/hu\/wp-json\/wp\/v2\/media\/3923"}],"wp:attachment":[{"href":"https:\/\/foreverwood.ro\/hu\/wp-json\/wp\/v2\/media?parent=12563"}],"wp:term":[{"taxonomy":"product_brand","embeddable":true,"href":"https:\/\/foreverwood.ro\/hu\/wp-json\/wp\/v2\/product_brand?post=12563"},{"taxonomy":"product_cat","embeddable":true,"href":"https:\/\/foreverwood.ro\/hu\/wp-json\/wp\/v2\/product_cat?post=12563"},{"taxonomy":"product_tag","embeddable":true,"href":"https:\/\/foreverwood.ro\/hu\/wp-json\/wp\/v2\/product_tag?post=12563"}],"curies":[{"name":"wp","href":"https:\/\/api.w.org\/{rel}","templated":true}]}}