{"id":9119,"date":"2025-09-18T11:49:54","date_gmt":"2025-09-18T11:49:54","guid":{"rendered":"https:\/\/foreverwood.ro\/termek\/deck-terasa-pin-nordic-21x146-mm-calitatea-ab\/"},"modified":"2026-03-05T02:30:19","modified_gmt":"2026-03-05T02:30:19","slug":"deck-terasa-pin-nordic-21x146-mm-calitatea-ab","status":"publish","type":"product","link":"https:\/\/foreverwood.ro\/en\/product\/deck-terasa-pin-nordic-21x146-mm-calitatea-ab\/","title":{"rendered":"Deck terasa Pin Nordic 21\u00d7146 mm, calitatea AB"},"content":{"rendered":"<div class=\"elementor-element elementor-element-c80eb9d elementor-widget elementor-widget-heading\" data-id=\"c80eb9d\" data-element_type=\"widget\" data-widget_type=\"heading.default\">\n<div class=\"elementor-widget-container\">\n<div class=\"elementor-element elementor-element-c80eb9d elementor-widget elementor-widget-heading\" data-id=\"c80eb9d\" data-element_type=\"widget\" data-widget_type=\"heading.default\">\n<div class=\"elementor-widget-container\">\n<h2 class=\"elementor-heading-title elementor-size-default\"><\/h2>\n<\/div>\n<\/div>\n<div class=\"elementor-element elementor-element-f4b83df elementor-widget elementor-widget-woocommerce-product-content\" data-id=\"f4b83df\" data-element_type=\"widget\" data-widget_type=\"woocommerce-product-content.default\">\n<div class=\"elementor-widget-container\">\n<p>Both sides with micro ribbed surface. It is also possible to buy it in sets.<\/p>\n<p>Rendelhet\u0151 hozz\u00e1, rozsdamentes csavar.<\/p>\n<h3><strong>Decking - A timeless and aesthetic outdoor solution<\/strong><\/h3>\n<p>A\u00a0<strong>terrace cladding<\/strong>\u00a0provide natural beauty and durability for outdoor surfaces. They can withstand the elements and are the perfect choice for patios, balconies, garden paths or even poolside paving. Made from a variety of wood species, they are pleasant to the touch, heat and slip resistant, making them ideal not only for aesthetics but also for safety.<\/p>\n<h3><strong>Use<\/strong><\/h3>\n<ul>\n<li><strong>As paving for terraces and balconies:<\/strong>\u00a0It provides a durable, easy to maintain surface.<\/li>\n<li><strong>For paving garden paths, rest areas and walkways<\/strong>.<\/li>\n<li><strong>For pool beaches and wellness areas:<\/strong>\u00a0A pleasant to the touch, non-slip and weatherproof solution.<\/li>\n<li><strong>As flooring for garden pavilions, pergolas or covered outdoor areas<\/strong>.<\/li>\n<\/ul>\n<h3><strong>Important information<\/strong><\/h3>\n<ul>\n<li><strong>Weatherproof design:<\/strong>\u00a0Heat- and UV-resistant and rain-tolerant tree species.<\/li>\n<li><strong>Natural beauty and unique pattern:<\/strong>\u00a0An aesthetic solution for any outdoor space.<\/li>\n<li><strong>Requires surface treatment:<\/strong>\u00a0Recommended by\u00a0<strong>Coating\u00a0<\/strong>or other UV- and water-resistant coating for a longer lifetime.<\/li>\n<li><strong>Easy maintenance and cleaning:<\/strong>\u00a0It will not crack or splinter over time with proper care.<\/li>\n<\/ul>\n<h3><strong>Why choose us?<\/strong><\/h3>\n<ul>\n<li>Wide range of premium quality woods.<\/li>\n<li>Customized dimensions and design on demand.<\/li>\n<li>Flexible delivery throughout the country.<\/li>\n<\/ul>\n<p><strong>We provide a special price for large orders.<\/strong><strong><br \/>\n<\/strong><strong>Have a question? Need delivery? Contact us!<\/strong><\/p>\n<\/div>\n<\/div>\n<\/div>\n<\/div>","protected":false},"excerpt":{"rendered":"<p>Finn teraszburkolat. Mikro bord\u00e1zott fel\u00fclettel mindk\u00e9t oldal\u00e1t lehet haszn\u00e1lni.<\/p>\n<p>Nat\u00far fel\u00fclet, m\u00e9g kezelni kell.<\/p>\n<p>Thickness:<strong> 21 mm<\/strong>\u00a0Width:\u00a0<strong>146 mm<\/strong><\/p>\n<p>Available sizes:<strong> 4,5 m vagy 4,2 m<\/strong><\/p>\n<p>Tree species: <strong>Borovi<\/strong><\/p>\n<p>Origin: <strong>Finn<\/strong><\/p>\n<p>Quality: <strong>AB<\/strong><\/p>","protected":false},"featured_media":3905,"comment_status":"open","ping_status":"closed","template":"","meta":{"_acf_changed":false},"product_brand":[],"product_cat":[1072],"product_tag":[],"class_list":{"0":"post-9119","1":"product","2":"type-product","3":"status-publish","4":"has-post-thumbnail","6":"product_cat-teraszburkolatok","8":"first","9":"instock","10":"taxable","11":"shipping-taxable","12":"purchasable","13":"product-type-simple"},"acf":[],"_links":{"self":[{"href":"https:\/\/foreverwood.ro\/en\/wp-json\/wp\/v2\/product\/9119","targetHints":{"allow":["GET"]}}],"collection":[{"href":"https:\/\/foreverwood.ro\/en\/wp-json\/wp\/v2\/product"}],"about":[{"href":"https:\/\/foreverwood.ro\/en\/wp-json\/wp\/v2\/types\/product"}],"replies":[{"embeddable":true,"href":"https:\/\/foreverwood.ro\/en\/wp-json\/wp\/v2\/comments?post=9119"}],"wp:featuredmedia":[{"embeddable":true,"href":"https:\/\/foreverwood.ro\/en\/wp-json\/wp\/v2\/media\/3905"}],"wp:attachment":[{"href":"https:\/\/foreverwood.ro\/en\/wp-json\/wp\/v2\/media?parent=9119"}],"wp:term":[{"taxonomy":"product_brand","embeddable":true,"href":"https:\/\/foreverwood.ro\/en\/wp-json\/wp\/v2\/product_brand?post=9119"},{"taxonomy":"product_cat","embeddable":true,"href":"https:\/\/foreverwood.ro\/en\/wp-json\/wp\/v2\/product_cat?post=9119"},{"taxonomy":"product_tag","embeddable":true,"href":"https:\/\/foreverwood.ro\/en\/wp-json\/wp\/v2\/product_tag?post=9119"}],"curies":[{"name":"wp","href":"https:\/\/api.w.org\/{rel}","templated":true}]}}