{"id":20855,"date":"2026-03-26T14:40:57","date_gmt":"2026-03-26T14:40:57","guid":{"rendered":"https:\/\/foreverwood.ro\/?post_type=product&#038;p=20855"},"modified":"2026-03-26T14:40:57","modified_gmt":"2026-03-26T14:40:57","slug":"placaj-tamplarie-bb-cc-2440mm-x-1220mm","status":"publish","type":"product","link":"https:\/\/foreverwood.ro\/en\/product\/placaj-tamplarie-bb-cc-2440mm-x-1220mm\/","title":{"rendered":"Placaj tamplarie BB\/CC \u2013 2440mm x 1220mm"},"content":{"rendered":"<p data-start=\"57\" data-end=\"153\"><strong data-start=\"57\" data-end=\"153\">E\u0219ti curios cum s\u0103 alegi un material stabil, rezistent \u0219i impermeabil pentru produsele tale?<\/strong><\/p>\n<p data-start=\"155\" data-end=\"258\">Vrei s\u0103 \u0219tii de ce placajul din eucalipt devine tot mai popular \u00een construc\u021bii \u0219i \u00een industria mobilei?<\/p>\n<p data-start=\"260\" data-end=\"489\"><strong data-start=\"260\" data-end=\"286\">Avantajele produsului:<\/strong><br data-start=\"286\" data-end=\"289\" \/>Placajul din eucalipt este alegerea ideal\u0103 atunci c\u00e2nd ai nevoie de un material de calitate constant\u0103 \u0219i u\u0219or de gestionat. Ofer\u0103 rezisten\u021b\u0103 ridicat\u0103, stabilitate \u0219i disponibilitate continu\u0103 din stoc.<\/p>\n<p data-start=\"491\" data-end=\"586\">Nu doar c\u0103 simplific\u0103 aprovizionarea, dar contribuie \u0219i la o gestionare eficient\u0103 a stocurilor.<\/p>","protected":false},"excerpt":{"rendered":"<p data-start=\"44\" data-end=\"68\"><strong data-start=\"44\" data-end=\"68\">Specifica\u021bii produs:<\/strong><\/p>\n<ul data-start=\"70\" data-end=\"875\">\n<li data-section-id=\"uwfd55\" data-start=\"70\" data-end=\"104\"><strong data-start=\"72\" data-end=\"87\">Dimensiune:<\/strong> 2440 \u00d7 1220 mm<\/li>\n<li data-section-id=\"18n24s5\" data-start=\"106\" data-end=\"239\"><strong data-start=\"108\" data-end=\"135\">Material 100% eucalipt:<\/strong><br data-start=\"135\" data-end=\"138\" \/>Produsul este realizat din straturi de eucalipt, fiind u\u0219or, dar \u00een acela\u0219i timp rezistent \u0219i stabil.<\/li>\n<li data-section-id=\"1at0nk0\" data-start=\"241\" data-end=\"410\"><strong data-start=\"243\" data-end=\"280\">Calitate superioar\u0103 a suprafe\u021bei:<\/strong><br data-start=\"280\" data-end=\"283\" \/>Ambele fe\u021be sunt \u0219lefuite fin (granula\u021bie 180) \u0219i acoperite cu furnir gros, oferind un aspect estetic \u0219i o rezisten\u021b\u0103 ridicat\u0103.<\/li>\n<li data-section-id=\"12joh6j\" data-start=\"412\" data-end=\"546\"><strong data-start=\"414\" data-end=\"454\">Lipire rezistent\u0103 la ap\u0103 (exterior):<\/strong><br data-start=\"454\" data-end=\"457\" \/>Adeziv conform standardului EN 636-3, care asigur\u0103 durabilitate \u00een condi\u021bii de umiditate.<\/li>\n<li data-section-id=\"17g82wc\" data-start=\"548\" data-end=\"640\"><strong data-start=\"550\" data-end=\"570\">Certificare FSC:<\/strong><br data-start=\"570\" data-end=\"573\" \/>Garant\u0103 provenien\u021ba din surse sustenabile \u0219i prietenoase cu mediul.<\/li>\n<li data-section-id=\"x8mb4m\" data-start=\"642\" data-end=\"773\"><strong data-start=\"644\" data-end=\"664\">Greutate redus\u0103:<\/strong><br data-start=\"664\" data-end=\"667\" \/>Densitate aproximativ 570 kg\/m\u00b3, mai u\u0219or dec\u00e2t placajul de mesteac\u0103n, facilit\u00e2nd manipularea \u0219i montajul.<\/li>\n<li data-section-id=\"16ikbkq\" data-start=\"775\" data-end=\"875\"><strong data-start=\"777\" data-end=\"789\">Finisaj:<\/strong><br data-start=\"789\" data-end=\"792\" \/>Suprafa\u021b\u0103 natur sau tratat\u0103 pentru utilizare la exterior, \u00een func\u021bie de necesit\u0103\u021bi.<\/li>\n<\/ul>","protected":false},"featured_media":20860,"comment_status":"open","ping_status":"closed","template":"","meta":{"_acf_changed":false},"product_brand":[],"product_cat":[1278],"product_tag":[],"class_list":{"0":"post-20855","1":"product","2":"type-product","3":"status-publish","4":"has-post-thumbnail","6":"product_cat-retegelt-lemezek","8":"first","9":"instock","10":"taxable","11":"shipping-taxable","12":"purchasable","13":"product-type-variable"},"acf":[],"_links":{"self":[{"href":"https:\/\/foreverwood.ro\/en\/wp-json\/wp\/v2\/product\/20855","targetHints":{"allow":["GET"]}}],"collection":[{"href":"https:\/\/foreverwood.ro\/en\/wp-json\/wp\/v2\/product"}],"about":[{"href":"https:\/\/foreverwood.ro\/en\/wp-json\/wp\/v2\/types\/product"}],"replies":[{"embeddable":true,"href":"https:\/\/foreverwood.ro\/en\/wp-json\/wp\/v2\/comments?post=20855"}],"wp:featuredmedia":[{"embeddable":true,"href":"https:\/\/foreverwood.ro\/en\/wp-json\/wp\/v2\/media\/20860"}],"wp:attachment":[{"href":"https:\/\/foreverwood.ro\/en\/wp-json\/wp\/v2\/media?parent=20855"}],"wp:term":[{"taxonomy":"product_brand","embeddable":true,"href":"https:\/\/foreverwood.ro\/en\/wp-json\/wp\/v2\/product_brand?post=20855"},{"taxonomy":"product_cat","embeddable":true,"href":"https:\/\/foreverwood.ro\/en\/wp-json\/wp\/v2\/product_cat?post=20855"},{"taxonomy":"product_tag","embeddable":true,"href":"https:\/\/foreverwood.ro\/en\/wp-json\/wp\/v2\/product_tag?post=20855"}],"curies":[{"name":"wp","href":"https:\/\/api.w.org\/{rel}","templated":true}]}}