{"id":12052,"date":"2025-10-16T12:48:52","date_gmt":"2025-10-16T12:48:52","guid":{"rendered":"https:\/\/foreverwood.ro\/termek\/suport-stalp-tip-u-2\/"},"modified":"2026-03-05T02:30:20","modified_gmt":"2026-03-05T02:30:20","slug":"suport-stalp-tip-u-2","status":"publish","type":"product","link":"https:\/\/foreverwood.ro\/en\/product\/suport-stalp-tip-u-2\/","title":{"rendered":"Suport stalp tip U"},"content":{"rendered":"<p class=\"title\">Az U alak\u00fa talajcsavarok id\u0151t\u00e1ll\u00f3ak, ellen\u00e1ll\u00f3ak \u00e9s sz\u00fcks\u00e9g szerint \u00e1thelyezhet\u0151ek \u00e9s \u00fajra felhaszn\u00e1lhat\u00f3ak, mely k\u00f6zepes illetve t\u00f6m\u00f6tt szerkezet\u0171 talajban betonalap n\u00e9lk\u00fcli gyors \u00e9s egyszer\u0171 r\u00f6gz\u00edt\u00e9st tesz lehet\u0151v\u00e9. A kiv\u00e1lasztott helyre t\u00f6rt\u00e9n\u0151 be\u00fct\u00e9s\u00e9hez mind\u00f6ssze egy kalap\u00e1cs sz\u00fcks\u00e9ges. A talajcsavar behajt\u00e1s\u00e1t \u00e9s szintez\u00e9s\u00e9t egy 70-80 cm hossz\u00fa ac\u00e9lr\u00fad seg\u00edts\u00e9g\u00e9vel v\u00e9gezhetj\u00fck el.\u00a0 Ide\u00e1lis megold\u00e1s lehet pergol\u00e1k, kerti t\u00e1rol\u00f3k, egy\u00e9b k\u00f6nny\u0171szerkezetes \u00e9p\u00edtm\u00e9nyek r\u00f6gz\u00edt\u00e9s\u00e9hez. Jelenleg 80 mm sz\u00e9les \u00e9s 700 mm hossz\u00fas\u00e1g\u00fa kaphat\u00f3. Rendel\u00e9sre k\u00e9rhet\u0151 m\u00e1s m\u00e9ret is.<\/p>\n<p>&nbsp;<\/p>\n<p>&nbsp;<\/p>\n<p>&nbsp;<\/p>","protected":false},"excerpt":{"rendered":"<p class=\"page-head-title product-page-head-title position-relative\">Talajcsavar U alak\u00fa<\/p>","protected":false},"featured_media":12051,"comment_status":"open","ping_status":"closed","template":"","meta":{"_acf_changed":false},"product_brand":[],"product_cat":[1069,1073],"product_tag":[],"class_list":{"0":"post-12052","1":"product","2":"type-product","3":"status-publish","4":"has-post-thumbnail","6":"product_cat-kotoelemek-es-kotestechnika","7":"product_cat-oszloptarto","9":"first","10":"instock","11":"taxable","12":"shipping-taxable","13":"purchasable","14":"product-type-simple"},"acf":[],"_links":{"self":[{"href":"https:\/\/foreverwood.ro\/en\/wp-json\/wp\/v2\/product\/12052","targetHints":{"allow":["GET"]}}],"collection":[{"href":"https:\/\/foreverwood.ro\/en\/wp-json\/wp\/v2\/product"}],"about":[{"href":"https:\/\/foreverwood.ro\/en\/wp-json\/wp\/v2\/types\/product"}],"replies":[{"embeddable":true,"href":"https:\/\/foreverwood.ro\/en\/wp-json\/wp\/v2\/comments?post=12052"}],"wp:featuredmedia":[{"embeddable":true,"href":"https:\/\/foreverwood.ro\/en\/wp-json\/wp\/v2\/media\/12051"}],"wp:attachment":[{"href":"https:\/\/foreverwood.ro\/en\/wp-json\/wp\/v2\/media?parent=12052"}],"wp:term":[{"taxonomy":"product_brand","embeddable":true,"href":"https:\/\/foreverwood.ro\/en\/wp-json\/wp\/v2\/product_brand?post=12052"},{"taxonomy":"product_cat","embeddable":true,"href":"https:\/\/foreverwood.ro\/en\/wp-json\/wp\/v2\/product_cat?post=12052"},{"taxonomy":"product_tag","embeddable":true,"href":"https:\/\/foreverwood.ro\/en\/wp-json\/wp\/v2\/product_tag?post=12052"}],"curies":[{"name":"wp","href":"https:\/\/api.w.org\/{rel}","templated":true}]}}