{"id":11591,"date":"2025-10-13T12:42:49","date_gmt":"2025-10-13T12:42:49","guid":{"rendered":"https:\/\/foreverwood.ro\/termek\/surub-pentru-pal\/"},"modified":"2026-03-05T02:30:21","modified_gmt":"2026-03-05T02:30:21","slug":"surub-pentru-pal","status":"publish","type":"product","link":"https:\/\/foreverwood.ro\/en\/product\/surub-pentru-pal\/","title":{"rendered":"Surub pentru PAL"},"content":{"rendered":"<p class=\"margin-reset\">S\u00fcllyesztett fej\u0171 faforg\u00e1cslap csavarjaink a DIN 7505 szabv\u00e1nynak megfelel\u0151ek. Faforg\u00e1cslap csavarokat a k\u00f6vetkez\u0151 v\u00e1ltozatokban forgalmazunk: s\u00fcllyesztett fej\u0171 faforg\u00e1cslap csavar PZ horonnyal, t\u00f6vig- vagy r\u00e9szmenettel, s\u00e1rga horganyzott fel\u00fclettel.<\/p>\n<p>&nbsp;<\/p>","protected":false},"excerpt":{"rendered":"<p>Faforg\u00e1cslap csavar<\/p>","protected":false},"featured_media":3900,"comment_status":"open","ping_status":"closed","template":"","meta":{"_acf_changed":false},"product_brand":[],"product_cat":[1076,1070],"product_tag":[],"class_list":{"0":"post-11591","1":"product","2":"type-product","3":"status-publish","4":"has-post-thumbnail","6":"product_cat-csavarok","7":"product_cat-faforgacslap-csavar","9":"first","10":"instock","11":"taxable","12":"shipping-taxable","13":"purchasable","14":"product-type-variable"},"acf":[],"_links":{"self":[{"href":"https:\/\/foreverwood.ro\/en\/wp-json\/wp\/v2\/product\/11591","targetHints":{"allow":["GET"]}}],"collection":[{"href":"https:\/\/foreverwood.ro\/en\/wp-json\/wp\/v2\/product"}],"about":[{"href":"https:\/\/foreverwood.ro\/en\/wp-json\/wp\/v2\/types\/product"}],"replies":[{"embeddable":true,"href":"https:\/\/foreverwood.ro\/en\/wp-json\/wp\/v2\/comments?post=11591"}],"wp:featuredmedia":[{"embeddable":true,"href":"https:\/\/foreverwood.ro\/en\/wp-json\/wp\/v2\/media\/3900"}],"wp:attachment":[{"href":"https:\/\/foreverwood.ro\/en\/wp-json\/wp\/v2\/media?parent=11591"}],"wp:term":[{"taxonomy":"product_brand","embeddable":true,"href":"https:\/\/foreverwood.ro\/en\/wp-json\/wp\/v2\/product_brand?post=11591"},{"taxonomy":"product_cat","embeddable":true,"href":"https:\/\/foreverwood.ro\/en\/wp-json\/wp\/v2\/product_cat?post=11591"},{"taxonomy":"product_tag","embeddable":true,"href":"https:\/\/foreverwood.ro\/en\/wp-json\/wp\/v2\/product_tag?post=11591"}],"curies":[{"name":"wp","href":"https:\/\/api.w.org\/{rel}","templated":true}]}}