{"id":57,"date":"2024-12-14T12:00:51","date_gmt":"2024-12-14T12:00:51","guid":{"rendered":"https:\/\/foreverwood.ro\/kosar\/"},"modified":"2026-03-06T02:06:48","modified_gmt":"2026-03-06T02:06:48","slug":"kosar","status":"publish","type":"page","link":"https:\/\/foreverwood.ro\/en\/kosar\/","title":{"rendered":"Kos\u00e1r"},"content":{"rendered":"<div data-elementor-type=\"wp-page\" data-elementor-id=\"57\" class=\"elementor elementor-57\" data-elementor-post-type=\"page\">\n\t\t\t\t\t\t<section class=\"elementor-section elementor-top-section elementor-element elementor-element-a2f599c elementor-section-boxed elementor-section-height-default elementor-section-height-default elementor-invisible\" data-id=\"a2f599c\" data-element_type=\"section\" data-settings=\"{&quot;background_background&quot;:&quot;classic&quot;,&quot;animation&quot;:&quot;fadeIn&quot;}\">\n\t\t\t\t\t\t\t<div class=\"elementor-background-overlay\"><\/div>\n\t\t\t\t\t\t\t<div class=\"elementor-container elementor-column-gap-default\">\n\t\t\t\t\t<div class=\"elementor-column elementor-col-50 elementor-top-column elementor-element elementor-element-4c336b9\" data-id=\"4c336b9\" data-element_type=\"column\">\n\t\t\t<div class=\"elementor-widget-wrap elementor-element-populated\">\n\t\t\t\t\t\t<div class=\"elementor-element elementor-element-548e4b9 elementor-invisible elementor-widget elementor-widget-heading\" data-id=\"548e4b9\" data-element_type=\"widget\" data-settings=\"{&quot;_animation&quot;:&quot;fadeInUp&quot;}\" data-widget_type=\"heading.default\">\n\t\t\t\t<div class=\"elementor-widget-container\">\n\t\t\t\t\t<h1 class=\"elementor-heading-title elementor-size-default\">Kos\u00e1r<\/h1>\t\t\t\t<\/div>\n\t\t\t\t<\/div>\n\t\t\t\t\t<\/div>\n\t\t<\/div>\n\t\t\t\t<div class=\"elementor-column elementor-col-50 elementor-top-column elementor-element elementor-element-ec84b84\" data-id=\"ec84b84\" data-element_type=\"column\">\n\t\t\t<div class=\"elementor-widget-wrap\">\n\t\t\t\t\t\t\t<\/div>\n\t\t<\/div>\n\t\t\t\t\t<\/div>\n\t\t<\/section>\n\t\t\t\t<section class=\"elementor-section elementor-top-section elementor-element elementor-element-3512df34 elementor-section-boxed elementor-section-height-default elementor-section-height-default\" data-id=\"3512df34\" data-element_type=\"section\">\n\t\t\t\t\t\t<div class=\"elementor-container elementor-column-gap-default\">\n\t\t\t\t\t<div class=\"elementor-column elementor-col-100 elementor-top-column elementor-element elementor-element-39d6e41d\" data-id=\"39d6e41d\" data-element_type=\"column\">\n\t\t\t<div class=\"elementor-widget-wrap elementor-element-populated\">\n\t\t\t\t\t\t\t<\/div>\n\t\t<\/div>\n\t\t\t\t\t<\/div>\n\t\t<\/section>\n\t\t\t\t<\/div>","protected":false},"excerpt":{"rendered":"<p>Kos\u00e1r T\u00e9tel t\u00f6rl\u00e9se B\u00e9lyegk\u00e9p Term\u00e9k \u00c1r Mennyis\u00e9g R\u00e9sz\u00f6sszeg &times; Lambriu Pin Nordic, 12,5&#215;96 mm, calitate AB 50.00&nbsp;lei Lambriu Pin Nordic, 12,5&#215;96 mm, calitate AB mennyis\u00e9g 50.00&nbsp;lei &times; Cherestele rasinoase 1.700.00&nbsp;lei Cherestele rasinoase mennyis\u00e9g 1.700.00&nbsp;lei Kos\u00e1r friss\u00edt\u00e9se Kos\u00e1r \u00f6sszesen R\u00e9sz\u00f6sszeg 1.750.00&nbsp;lei Sz\u00e1ll\u00edt\u00e1s Add meg a c\u00edmed, az el\u00e9rhet\u0151 sz\u00e1ll\u00edt\u00e1si m\u00f3dok megtekint\u00e9s\u00e9hez. Sz\u00e1ll\u00edt\u00e1si d\u00edj kisz\u00e1m\u00edt\u00e1sa Orsz\u00e1g \/ &#8230; <a title=\"Kos\u00e1r\" class=\"read-more\" href=\"https:\/\/foreverwood.ro\/en\/kosar\/\" aria-label=\"Read more about Kos\u00e1r\">Read more<\/a><\/p>","protected":false},"author":1,"featured_media":0,"parent":0,"menu_order":0,"comment_status":"closed","ping_status":"closed","template":"","meta":{"_acf_changed":false,"footnotes":""},"class_list":["post-57","page","type-page","status-publish"],"acf":[],"_links":{"self":[{"href":"https:\/\/foreverwood.ro\/en\/wp-json\/wp\/v2\/pages\/57","targetHints":{"allow":["GET"]}}],"collection":[{"href":"https:\/\/foreverwood.ro\/en\/wp-json\/wp\/v2\/pages"}],"about":[{"href":"https:\/\/foreverwood.ro\/en\/wp-json\/wp\/v2\/types\/page"}],"author":[{"embeddable":true,"href":"https:\/\/foreverwood.ro\/en\/wp-json\/wp\/v2\/users\/1"}],"replies":[{"embeddable":true,"href":"https:\/\/foreverwood.ro\/en\/wp-json\/wp\/v2\/comments?post=57"}],"version-history":[{"count":13,"href":"https:\/\/foreverwood.ro\/en\/wp-json\/wp\/v2\/pages\/57\/revisions"}],"predecessor-version":[{"id":20730,"href":"https:\/\/foreverwood.ro\/en\/wp-json\/wp\/v2\/pages\/57\/revisions\/20730"}],"wp:attachment":[{"href":"https:\/\/foreverwood.ro\/en\/wp-json\/wp\/v2\/media?parent=57"}],"curies":[{"name":"wp","href":"https:\/\/api.w.org\/{rel}","templated":true}]}}