{"id":1461,"date":"2025-02-14T13:59:20","date_gmt":"2025-02-14T13:59:20","guid":{"rendered":"https:\/\/foreverwood.ro\/?page_id=1461"},"modified":"2025-03-31T13:50:19","modified_gmt":"2025-03-31T13:50:19","slug":"aszf","status":"publish","type":"page","link":"https:\/\/foreverwood.ro\/en\/aszf\/","title":{"rendered":"GTC"},"content":{"rendered":"<div data-elementor-type=\"wp-page\" data-elementor-id=\"1461\" class=\"elementor elementor-1461\" data-elementor-post-type=\"page\">\n\t\t\t\t\t\t<section class=\"elementor-section elementor-top-section elementor-element elementor-element-5df2999 elementor-section-boxed elementor-section-height-default elementor-section-height-default\" data-id=\"5df2999\" data-element_type=\"section\" data-settings=\"{&quot;background_background&quot;:&quot;classic&quot;}\">\n\t\t\t\t\t\t\t<div class=\"elementor-background-overlay\"><\/div>\n\t\t\t\t\t\t\t<div class=\"elementor-container elementor-column-gap-default\">\n\t\t\t\t\t<div class=\"elementor-column elementor-col-100 elementor-top-column elementor-element elementor-element-a24e036\" data-id=\"a24e036\" data-element_type=\"column\">\n\t\t\t<div class=\"elementor-widget-wrap elementor-element-populated\">\n\t\t\t\t\t\t<div class=\"elementor-element elementor-element-5686c95 elementor-widget elementor-widget-heading\" data-id=\"5686c95\" data-element_type=\"widget\" data-widget_type=\"heading.default\">\n\t\t\t\t<div class=\"elementor-widget-container\">\n\t\t\t\t\t<h2 class=\"elementor-heading-title elementor-size-default\">GTC\n<\/h2>\t\t\t\t<\/div>\n\t\t\t\t<\/div>\n\t\t\t\t\t<\/div>\n\t\t<\/div>\n\t\t\t\t\t<\/div>\n\t\t<\/section>\n\t\t\t\t<section class=\"elementor-section elementor-top-section elementor-element elementor-element-f07f650 elementor-section-boxed elementor-section-height-default elementor-section-height-default\" data-id=\"f07f650\" data-element_type=\"section\">\n\t\t\t\t\t\t<div class=\"elementor-container elementor-column-gap-default\">\n\t\t\t\t\t<div class=\"elementor-column elementor-col-100 elementor-top-column elementor-element elementor-element-e1f1def\" data-id=\"e1f1def\" data-element_type=\"column\">\n\t\t\t<div class=\"elementor-widget-wrap elementor-element-populated\">\n\t\t\t\t\t\t<section class=\"elementor-section elementor-inner-section elementor-element elementor-element-13e6480 elementor-section-boxed elementor-section-height-default elementor-section-height-default\" data-id=\"13e6480\" data-element_type=\"section\">\n\t\t\t\t\t\t<div class=\"elementor-container elementor-column-gap-default\">\n\t\t\t\t\t<div class=\"elementor-column elementor-col-100 elementor-inner-column elementor-element elementor-element-aacc36b elementor-hidden-tablet\" data-id=\"aacc36b\" data-element_type=\"column\" data-settings=\"{&quot;background_background&quot;:&quot;classic&quot;}\">\n\t\t\t<div class=\"elementor-widget-wrap elementor-element-populated\">\n\t\t\t\t\t\t<div class=\"elementor-element elementor-element-a863c42 elementor-widget elementor-widget-heading\" data-id=\"a863c42\" data-element_type=\"widget\" data-widget_type=\"heading.default\">\n\t\t\t\t<div class=\"elementor-widget-container\">\n\t\t\t\t\t<h2 class=\"elementor-heading-title elementor-size-default\">\u00c1ltal\u00e1nos Szerz\u0151d\u00e9si Felt\u00e9telek<\/h2>\t\t\t\t<\/div>\n\t\t\t\t<\/div>\n\t\t\t\t<div class=\"elementor-element elementor-element-5c77037 elementor-widget elementor-widget-text-editor\" data-id=\"5c77037\" data-element_type=\"widget\" data-widget_type=\"text-editor.default\">\n\t\t\t\t<div class=\"elementor-widget-container\">\n\t\t\t\t\t\t\t\t\t<p class=\"p1\"><span class=\"s1\"><b>A szolg\u00e1ltat\u00f3 adatai:<\/b><\/span><\/p><p class=\"p2\">V\u00e1llalkoz\u00f3: SztanFa Kft.<br \/>C\u00edm: 5700 Gyula, Szl\u00e1nyi Tanya 18.<br \/>Telefon: 06302346312<br \/>E-mail: sztanfa@gmail.com<br \/>\u00c1ruh\u00e1z neve: SztanFa.hu<br \/>Ad\u00f3sz\u00e1m: 32592007-2-04<br \/>C\u00e9gjegyz\u00e9ksz\u00e1m: 04-09-017396<br \/>EUTR sz\u00e1m: AB4499771<br \/>Banksz\u00e1mlasz\u00e1m:<br \/>Kapcsolattart\u00f3 neve: Sztank\u00f3 S\u00e1ndor<br \/>Kapcsolattart\u00f3 telefonsz\u00e1ma: 06302346312<br \/>Kapcsolattart\u00f3 e-mail c\u00edme: sztanfa@gmail.com<\/p><p class=\"p1\"><span class=\"s1\"><b>\u00c1ltal\u00e1nos inform\u00e1ci\u00f3k<\/b><\/span><\/p><p class=\"p2\">A web\u00e1ruh\u00e1zban t\u00f6rt\u00e9n\u0151 b\u00f6ng\u00e9sz\u00e9shez, a term\u00e9kek megtekint\u00e9s\u00e9hez nem sz\u00fcks\u00e9ges el\u0151zetes regisztr\u00e1ci\u00f3. A web\u00e1ruh\u00e1zban a term\u00e9kek k\u00f6z\u00f6tt t\u00f6bb m\u00f3don is b\u00f6ng\u00e9szhet:<\/p><ul class=\"ul1\"><li class=\"li3\"><span class=\"s3\">ha ismeri a term\u00e9k nev\u00e9t k\u00f6zvetlen\u00fcl r\u00e1kereshet a KERES\u0150 dobozba be\u00edrva,<\/span><\/li><li class=\"li3\"><span class=\"s3\">a web\u00e1ruh\u00e1zban a term\u00e9kek t\u00f6bb kateg\u00f3ri\u00e1ba rendezve tall\u00f3zhat\u00f3ak.<\/span><\/li><\/ul><p class=\"p2\">A kitall\u00f3zott term\u00e9keket rendezheti n\u00e9v (ABC) vagy \u00e1r szerinti sorrendbe. Web\u00e1ruh\u00e1zunk m\u0171k\u00f6d\u00e9s\u00e9t az elektronikus kereskedelmi t\u00f6rv\u00e9ny (2001.\u00e9vi CVIII.t\u00f6rv\u00e9ny) szab\u00e1lyoz\u00e1s\u00e1nak megfelel\u0151en mutatjuk be az al\u00e1bbiakban.<\/p><p class=\"p2\">A web\u00e1ruh\u00e1zban szerepl\u0151 \u00e1rakban \u00e9s term\u00e9kle\u00edr\u00e1sokban t\u00f6rt\u00e9nhetnek el\u00edr\u00e1sok, t\u00e9ved\u00e9sek, melyekre a szolg\u00e1ltat\u00f3 esetenk\u00e9nt k\u00e9s\u0151bb reag\u00e1l, \u00edgy azok\u00e9rt felel\u0151ss\u00e9get nem v\u00e1llal! Amennyiben t\u00e9ves \u00e1rat vagy s\u00falyos el\u00edr\u00e1st tapasztal, k\u00e9rem keressen\u00a0<a href=\"https:\/\/foreverwood.ro\/kiszallitas-ajanlatkeres\/\"><span class=\"s4\">el\u00e9rhet\u0151s\u00e9geinken<\/span><\/a>! A term\u00e9kek pontos \u00e1rait minden esetben irod\u00e1nk egyezteti \u00f6nnel!<\/p><p class=\"p1\"><span class=\"s1\"><b>Regisztr\u00e1ci\u00f3 a web\u00e1ruh\u00e1zba<\/b><\/span><\/p><p class=\"p2\">A regisztr\u00e1ci\u00f3t a rendel\u00e9sekn\u00e9l \u00e9s a fej-vagy l\u00e1bl\u00e9cben tal\u00e1lhat\u00f3 \u201eRegisztr\u00e1lok\u201d \u00e9s \u201cFi\u00f3k\u201d gombra kattintva tudja kezdem\u00e9nyezni. A regisztr\u00e1ci\u00f3 sor\u00e1n meg kell adnia nev\u00e9t, (sz\u00e1ll\u00edt\u00e1si) c\u00edm\u00e9t, telefonsz\u00e1m\u00e1t \u00e9s email c\u00edm\u00e9t. Az adatok a megrendel\u00e9s teljes\u00edt\u00e9s\u00e9hez sz\u00fcks\u00e9gesek. A regisztr\u00e1ci\u00f3t magyar nyelven tudja elv\u00e9gezni, a web\u00e1ruh\u00e1zban is magyar nyelven tal\u00e1l inform\u00e1ci\u00f3kat a term\u00e9kekr\u0151l. A regisztr\u00e1ci\u00f3 sor\u00e1n megadott adatok m\u00f3dos\u00edthat\u00f3ak, \u00e9s t\u00f6r\u00f6lhet\u0151ek a megrendel\u00e9s elk\u00fcld\u00e9se el\u0151tt, ut\u00f3lag a \u201cFi\u00f3k\u201d men\u00fcpontban vagy k\u00e9rheti a m\u00f3dos\u00edt\u00e1st el\u00e9rhet\u0151s\u00e9geinken.<\/p><p class=\"p2\">A regisztr\u00e1ci\u00f3 elk\u00fcld\u00e9se ut\u00e1n az email c\u00edm\u00e9re egy \u00fczenet fog \u00e9rkezni, amely tartalmazza hozz\u00e1f\u00e9r\u00e9s\u00e9t a web\u00e1ruh\u00e1zhoz. A SztanFa a fenti inform\u00e1ci\u00f3kat az adatv\u00e9delmi nyilatkozat\u00e1nak megfelel\u0151en haszn\u00e1lja fel.<\/p><p class=\"p1\"><span class=\"s1\"><b>T\u00e1vszerz\u0151d\u00e9s<\/b><\/span><\/p><p class=\"p2\">A szerz\u0151d\u00e9s t\u00e1rgya a foreverwood.ro web\u00e1ruh\u00e1zban tal\u00e1lhat\u00f3 \u00f6sszes \u00e1rucikk. Az \u00e1rucikkek tulajdons\u00e1gait, jellemz\u0151it az \u00e1rucikkhez tartoz\u00f3 konkr\u00e9t oldalon ismerheti meg. A web\u00e1ruh\u00e1zban tal\u00e1lhat\u00f3 term\u00e9kek adatai a megrendel\u00e9s id\u0151pontj\u00e1ban \u00e9rv\u00e9nyesek. \u00dajabb ugyanazon term\u00e9kre vonatkoz\u00f3, de k\u00e9s\u0151bbi id\u0151pontban t\u00f6rt\u00e9n\u0151 megrendel\u00e9s eset\u00e9n, az adatok v\u00e1ltozhatnak. A web\u00e1ruh\u00e1zban tal\u00e1lhat\u00f3 aj\u00e1nlatok az adott id\u0151pontban hat\u00e1lyosak.<\/p><p class=\"p2\">A megrendel\u0151lap kit\u00f6lt\u00e9s\u00e9vel, elk\u00fcld\u00e9s\u00e9vel \u00e9s annak a SztanFa e-mail \u00e1ltal t\u00f6rt\u00e9n\u0151 visszaigazol\u00e1s\u00e1val a 45\/2014. Korm\u00e1nyrendelet alapj\u00e1n t\u00e1voll\u00e9v\u0151k k\u00f6z\u00f6tti szerz\u0151d\u00e9s j\u00f6n l\u00e9tre a v\u00e1llalkoz\u00f3 (Sztank\u00f3 S\u00e1ndor), mint Szolg\u00e1ltat\u00f3, valamint a Megrendel\u0151, mint Vev\u0151 k\u00f6z\u00f6tt az al\u00e1bbi felt\u00e9telek szerint:<\/p><ul class=\"ul1\"><li class=\"li3\"><span class=\"s3\">Amennyiben a megrendel\u00e9s teljes\u00edt\u00e9se b\u00e1rmilyen okb\u00f3l akad\u00e1lyba \u00fctk\u00f6zik, \u00fagy a Szolg\u00e1ltat\u00f3 k\u00f6teles halad\u00e9ktalanul e-mail vagy telefon \u00fatj\u00e1n felvenni a kapcsolatot Vev\u0151vel a tov\u00e1bbiak egyeztet\u00e9se \u00e9rdek\u00e9ben, ez esetben a t\u00e1vszerz\u0151d\u00e9s Felek k\u00f6z\u00f6tt nem j\u00f6n l\u00e9tre.<\/span><\/li><li class=\"li3\"><span class=\"s3\">Vev\u0151 k\u00f6teles az \u00e1ltala feladott Megrendel\u0151lapon megjel\u00f6lt \u00e9s a Szolg\u00e1ltat\u00f3 \u00e1ltal a megadott c\u00edmre kisz\u00e1ll\u00edttatott term\u00e9keket \u00e1tvenni, a Szolg\u00e1ltat\u00f3 \u00e1ltal k\u00fcld\u00f6tt visszaigazol\u00e1son felt\u00fcntetett v\u00e9tel\u00e1rat \u2013 mely a term\u00e9kek csomagol\u00e1si \u00e9s sz\u00e1ll\u00edt\u00e1si k\u00f6lts\u00e9geit is tartalmazza \u2013 Szolg\u00e1ltat\u00f3 r\u00e9sz\u00e9re az \u00e1ltala kiv\u00e1lasztott m\u00f3don megfizetni.<\/span><\/li><li class=\"li3\"><span class=\"s3\">Az itt nem szab\u00e1lyozott k\u00e9rd\u00e9sekre a Polg\u00e1ri T\u00f6rv\u00e9nyk\u00f6nyv, valamint a t\u00e1voll\u00e9v\u0151k k\u00f6z\u00f6tt k\u00f6t\u00f6tt szerz\u0151d\u00e9sekr\u0151l sz\u00f3l\u00f3 45\/2014. Korm. sz\u00e1m\u00fa rendelet szab\u00e1lyai az ir\u00e1nyad\u00f3ak.<\/span><\/li><\/ul><p class=\"p2\">A web \u00e1ruh\u00e1z haszn\u00e1lat\u00e1nak seg\u00edts\u00e9g\u00e9vel l\u00e9trej\u00f6v\u0151 szerz\u0151d\u00e9sek nyelve a magyar, az ily m\u00f3don k\u00f6t\u00f6tt szerz\u0151d\u00e9sek nem min\u0151s\u00fclnek \u00edr\u00e1sba foglalt szerz\u0151d\u00e9snek, \u00e9s azokat a Szolg\u00e1ltat\u00f3 nem iktatja.<\/p><p class=\"p1\"><span class=\"s1\"><b>V\u00e1s\u00e1rl\u00e1s \u00e9s megrendel\u00e9s<\/b><\/span><\/p><p class=\"p2\">A keresett \u00e9s megv\u00e1s\u00e1rolni k\u00edv\u00e1nt term\u00e9ket a \u201eKos\u00e1rba teszem\u201d gombra kattintva helyezheti a kos\u00e1rba, amely minden term\u00e9k listaoldal\u00e1n, \u00e9s r\u00e9szletes term\u00e9k adatlap oldal\u00e1n megtal\u00e1lhat\u00f3 a term\u00e9k mellett.<\/p><p class=\"p2\">A kos\u00e1rba helyezett term\u00e9keket innen kit\u00f6r\u00f6lheti, illetve m\u00f3dos\u00edthat a megrendelt term\u00e9k mennyis\u00e9g\u00e9n. A kos\u00e1r tartalm\u00e1t b\u0151v\u00edtheti, amennyiben tov\u00e1bbi term\u00e9keket k\u00edv\u00e1n v\u00e1s\u00e1rolni, illetve be is fejezheti \u00e9s leadhatja megrendel\u00e9s\u00e9t a fejl\u00e9cben tal\u00e1lhat\u00f3 \u201eP\u00e9nzt\u00e1rhoz\u201d gombra, majd a rendel\u00e9s \u00f6sszes\u00edt\u0151 oldalon a \u201eMegrendelem\u201d gombra kattintva. FIGYELEM! Ut\u00f3lagos sz\u00e1mla m\u00f3dos\u00edt\u00e1sra (n\u00e9v, c\u00edm, h\u00e1zsz\u00e1m, stb.) NINCS LEHET\u0150S\u00c9G! K\u00e9rj\u00fck a sz\u00e1ml\u00e1z\u00e1si adatokat figyelmesen t\u00f6ltse ki!<\/p><p class=\"p2\">A rendel\u00e9s \u00f6sszes\u00edt\u0151 oldalon \u00e9s a visszajelz\u0151 e-mailben lehet\u0151s\u00e9g van a rendel\u00e9shez kapcsol\u00f3d\u00f3 inform\u00e1ci\u00f3k megtekint\u00e9s\u00e9re, \u00e9s m\u00f3dos\u00edt\u00e1s\u00e1ra, illetve a Szolg\u00e1ltat\u00f3 r\u00e9sz\u00e9re a megrendel\u00e9ssel kapcsolatos egy\u00e9b sz\u00f6veges tartalm\u00fa \u00fczenet k\u00fcld\u00e9s\u00e9re.<\/p><p class=\"p1\"><span class=\"s1\"><b>Sz\u00e1ll\u00edt\u00e1si m\u00f3dok<\/b><\/span><\/p><p class=\"p2\">K\u00e9rem olvassa el a \u201c<a href=\"https:\/\/foreverwood.ro\/kiszallitas-ajanlatkeres\/\"><span class=\"s4\">Kisz\u00e1ll\u00edt\u00e1s, aj\u00e1nlatk\u00e9r\u00e9s<\/span><\/a>\u201d oldalon tal\u00e1lhat\u00f3 t\u00e1j\u00e9koztat\u00f3t!<\/p><p class=\"p2\">Felh\u00edvjuk sz\u00edves figyelm\u00e9t, hogy a h\u00e1zhoz sz\u00e1ll\u00edt\u00e1s v\u00e1llal\u00e1sa a term\u00e9keknek a megrendel\u0151 c\u00edm\u00e9re t\u00f6rt\u00e9n\u0151 eljuttat\u00e1s\u00e1t jelenti \u00e9s \u00edgy nem foglal mag\u00e1ban g\u00e9pi rakod\u00e1st (daruz\u00e1s, targonc\u00e1z\u00e1st). K\u00e9zi lerakod\u00e1st csak abban az esetben biztos\u00edtunk, ha koll\u00e9g\u00e1nk seg\u00edts\u00e9get kap a kisz\u00e1ll\u00edt\u00e1skor. A rendelt term\u00e9kek lerakod\u00e1sa, ehhez megfelel\u0151 munkaer\u0151 biztos\u00edt\u00e1sa a megrendel\u0151 feladata.<\/p><p class=\"p1\"><span class=\"s1\"><b>Fizet\u00e9si lehet\u0151s\u00e9gek<\/b><\/span><\/p><ul class=\"ul1\"><li class=\"li3\"><span class=\"s3\"><b>K\u00e9szp\u00e9nz<\/b> telephely\u00fcnk\u00f6n vagy a kisz\u00e1ll\u00edt\u00e1s sor\u00e1n, a lerakod\u00e1s el\u0151tt koll\u00e9g\u00e1nknak<\/span><\/li><li class=\"li3\"><span class=\"s3\"><b>Banki \u00e1tutal\u00e1s<\/b> a megrendel\u00e9st k\u00f6vet\u0151en a visszaigazol\u00f3 e-mailben le\u00edrtak szerint<\/span><\/li><li class=\"li4\"><b>A bankk\u00e1rty\u00e1s fizet\u00e9st<\/b> a Barion biztos\u00edtja (<a href=\"https:\/\/www.barion.com\/hu\/\"><span class=\"s5\">https:\/\/www.barion.com\/hu\/<\/span><\/a>)Az online bankk\u00e1rty\u00e1s \u00e9s egy\u00e9b fizet\u00e9si m\u00f3dok a Barion rendszer\u00e9n kereszt\u00fcl val\u00f3sulnak meg. A bankk\u00e1rtya, illetve egy\u00e9b fizet\u00e9ssel kapcsolatos adatok a keresked\u0151h\u00f6z nem jutnak el. A szolg\u00e1ltat\u00e1st ny\u00fajt\u00f3 Barion Payment Zrt. a Magyar Nemzeti Bank fel\u00fcgyelete alatt \u00e1ll\u00f3 int\u00e9zm\u00e9ny, enged\u00e9ly\u00e9nek sz\u00e1ma: H-EN-I-1064\/2013.<\/li><\/ul><p class=\"p2\">Amennyiben nem k\u00e9szp\u00e9nzes fizet\u00e9si m\u00f3dot v\u00e1laszt, a term\u00e9kek kisz\u00e1ll\u00edt\u00e1s\u00e1t csak a fizet\u00e9si tranzakci\u00f3 lez\u00e1r\u00e1s\u00e1t k\u00f6vet\u0151en kezdj\u00fck meg.<\/p><p class=\"p2\">A leadott megrendel\u00e9st k\u00f6vet\u0151en rendszer\u00fcnk el\u0151sz\u00f6r egy automata \u00fczenetet k\u00fcld a megrendel\u00e9s elk\u00fcld\u00e9s\u00e9r\u0151l, majd a hivatalos a megrendel\u00e9s teljes\u00edt\u00e9s\u00e9r\u0151l sz\u00f3l\u00f3 visszaigazol\u00e1st is emailben k\u00fcldj\u00fck el v\u00e1s\u00e1rl\u00f3ink r\u00e9sz\u00e9re.<\/p><p class=\"p1\"><span class=\"s1\"><b>Reklam\u00e1ci\u00f3<\/b><\/span><\/p><p class=\"p2\">Amennyiben a v\u00e1s\u00e1rolt term\u00e9kkel kapcsolatban mennyis\u00e9gi \u00e9s\/vagy min\u0151s\u00e9gi kifog\u00e1s \u00e1ll fenn, a sz\u00e1ll\u00edt\u00f3 a kifog\u00e1solt term\u00e9ket visszasz\u00e1ll\u00edtja, felt\u00e9ve hogy a reklam\u00e1ci\u00f3 az \u00e1tad\u00e1s sor\u00e1n megt\u00f6rt\u00e9nt (!). Jogos reklam\u00e1ci\u00f3 eset\u00e9n az \u00faj term\u00e9k kisz\u00e1ll\u00edt\u00e1s\u00e1nak a d\u00edja a Szolg\u00e1ltat\u00f3t terheli.<\/p><p class=\"p2\">Panasz\u00fcgyint\u00e9z\u00e9s helye (1997.\u00e9vi CLV t\u00f6rv\u00e9ny rendelkez\u00e9sei alapj\u00e1n):<br \/>Telefonon:\u00a0<a href=\"https:\/\/foreverwood.ro\/altalanos-szerzodesi-feltetelek\/tel:%2006302346312\"><span class=\"s4\">06302346312<\/span><\/a><br \/>Szem\u00e9lyesen sz\u00f3ban: 5600 B\u00e9k\u00e9scsaba, Orosh\u00e1zi \u00fat 2.<br \/>E-mailben:\u00a0<a href=\"mailto:sztanfa@gmail.com\"><span class=\"s4\">sztanfa@gmail.com<\/span><\/a><\/p><p class=\"p1\"><span class=\"s1\"><b>El\u00e1ll\u00e1s<\/b><\/span><\/p><p class=\"p2\">A fogyaszt\u00f3kra vonatkoz\u00f3 jogokat a 45\/2014. Korm. rendelet szab\u00e1lyozza, \u00f6sszefoglalva:<\/p><p class=\"p2\">A fogyaszt\u00f3t el\u00e1ll\u00e1si jog illeti meg. Az el\u00e1ll\u00e1si jog term\u00e9szetes szem\u00e9lyekre vonatkozva a term\u00e9k \u00e1tv\u00e9tel\u00e9t k\u00f6vet\u0151en, vagy szolg\u00e1ltat\u00e1s eset\u00e9n a szerz\u0151d\u00e9sk\u00f6t\u00e9st k\u00f6vet\u0151en 8 munkanapon (vagy 14 napt\u00e1ri napon) bel\u00fcl gyakorolhat\u00f3. \u00cdr\u00e1sban t\u00f6rt\u00e9n\u0151 el\u00e1ll\u00e1s eset\u00e9n elegend\u0151 az el\u00e1ll\u00e1si nyilatkozatot elk\u00fcldeni 8 munkanapon bel\u00fcl szolg\u00e1ltat\u00f3 r\u00e9sz\u00e9re. A v\u00e1s\u00e1rl\u00f3 az esetben \u00e1llhat el a v\u00e1s\u00e1rl\u00e1st\u00f3l anyagi k\u00f6vetkezm\u00e9nyek n\u00e9lk\u00fcl, ha a term\u00e9ket eredeti \u00e1llapotban vissza tudja szolg\u00e1ltatni. Amennyiben a term\u00e9kben k\u00e1r keletkezett azt k\u00f6teles Vev\u0151 a Szolg\u00e1ltat\u00f3 r\u00e9sz\u00e9re megt\u00e9r\u00edteni. Az \u00e1ru ellen\u00e9rt\u00e9k\u00e9t \u00e9s a megrendel\u00e9ssel kapcsolatos k\u00f6lts\u00e9geket a Szolg\u00e1ltat\u00f3 k\u00f6teles 30 napon bel\u00fcl visszaszolg\u00e1ltatni, a term\u00e9k visszasz\u00e1ll\u00edt\u00e1snak a k\u00f6lts\u00e9g\u00e9t a vev\u0151 k\u00f6teles ez esetben \u00e1llni.<\/p><p class=\"p2\">Telefonon:\u00a0<a href=\"https:\/\/foreverwood.ro\/altalanos-szerzodesi-feltetelek\/tel:%2006302346312\"><span class=\"s4\">06302346312<\/span><\/a><br \/>Szem\u00e9lyesen sz\u00f3ban: 5600 B\u00e9k\u00e9scsaba, Orosh\u00e1zi \u00fat. 2.<br \/>E-mailben:\u00a0<a href=\"mailto:sztanfa@gmail.com\"><span class=\"s4\">sztanfa@gmail.com<\/span><\/a><\/p><p class=\"p1\"><span class=\"s1\"><b>Adatv\u00e9delmi nyilatkozat<\/b><\/span><\/p><p class=\"p2\">K\u00e9rem olvassa el \u201c<a href=\"https:\/\/foreverwood.ro\/adatkezelesi-tajekoztato\/\"><span class=\"s4\">Privacy notice<\/span><\/a>\u201d oldalunkat!<\/p><p class=\"p1\"><span class=\"s1\"><b>Egy\u00e9b<\/b><\/span><\/p><p class=\"p2\">A jelen \u00e1ltal\u00e1nos szerz\u0151d\u00e9si felt\u00e9telekben nem szab\u00e1lyozott k\u00e9rd\u00e9sekben a Ptk (2013.\u00e9vi V. t\u00f6rv\u00e9ny), fogyaszt\u00f3i szerz\u0151d\u00e9sekn\u00e9l a t\u00e1vollev\u0151k k\u00f6z\u00f6tt k\u00f6t\u00f6tt szerz\u0151d\u00e9sekr\u0151l sz\u00f3l\u00f3 45\/2014. korm\u00e1nyrendelet rendelkez\u00e9sei az ir\u00e1nyad\u00f3k.<\/p><p class=\"p2\">\u00a9 2025. SztanFa.hu Minden jog fenntartva. \u2013 A www.SztanFa.hu weboldalon tal\u00e1lhat\u00f3 \u00edrott-, k\u00e9pi-, \u00e9s hanganyagok csak a Tulajdonos enged\u00e9ly\u00e9vel jelen\u00edthet\u0151ek meg m\u00e1s m\u00e9di\u00e1kban! Minden k\u00f6zl\u00e9s eset\u00e9n meg kell jel\u00f6lni forr\u00e1sk\u00e9nt a SztanFa.hu weboldal c\u00edmet!<\/p>\t\t\t\t\t\t\t\t<\/div>\n\t\t\t\t<\/div>\n\t\t\t\t\t<\/div>\n\t\t<\/div>\n\t\t\t\t\t<\/div>\n\t\t<\/section>\n\t\t\t\t\t<\/div>\n\t\t<\/div>\n\t\t\t\t\t<\/div>\n\t\t<\/section>\n\t\t\t\t<\/div>","protected":false},"excerpt":{"rendered":"<p>\u00c1SZF \u00c1ltal\u00e1nos Szerz\u0151d\u00e9si Felt\u00e9telek A szolg\u00e1ltat\u00f3 adatai: V\u00e1llalkoz\u00f3: SztanFa Kft.C\u00edm: 5700 Gyula, Szl\u00e1nyi Tanya 18.Telefon: 06302346312E-mail: sztanfa@gmail.com\u00c1ruh\u00e1z neve: SztanFa.huAd\u00f3sz\u00e1m: 32592007-2-04C\u00e9gjegyz\u00e9ksz\u00e1m: 04-09-017396EUTR sz\u00e1m: AB4499771Banksz\u00e1mlasz\u00e1m:Kapcsolattart\u00f3 neve: Sztank\u00f3 S\u00e1ndorKapcsolattart\u00f3 telefonsz\u00e1ma: 06302346312Kapcsolattart\u00f3 e-mail c\u00edme: sztanfa@gmail.com \u00c1ltal\u00e1nos inform\u00e1ci\u00f3k A web\u00e1ruh\u00e1zban t\u00f6rt\u00e9n\u0151 b\u00f6ng\u00e9sz\u00e9shez, a term\u00e9kek megtekint\u00e9s\u00e9hez nem sz\u00fcks\u00e9ges el\u0151zetes regisztr\u00e1ci\u00f3. A web\u00e1ruh\u00e1zban a term\u00e9kek k\u00f6z\u00f6tt t\u00f6bb m\u00f3don is b\u00f6ng\u00e9szhet: ha ismeri &#8230; <a title=\"GTC\" class=\"read-more\" href=\"https:\/\/foreverwood.ro\/en\/aszf\/\" aria-label=\"Read more about \u00c1SZF\">Read more<\/a><\/p>","protected":false},"author":1,"featured_media":0,"parent":0,"menu_order":0,"comment_status":"closed","ping_status":"closed","template":"elementor_header_footer","meta":{"_acf_changed":false,"footnotes":""},"class_list":["post-1461","page","type-page","status-publish"],"acf":[],"_links":{"self":[{"href":"https:\/\/foreverwood.ro\/en\/wp-json\/wp\/v2\/pages\/1461","targetHints":{"allow":["GET"]}}],"collection":[{"href":"https:\/\/foreverwood.ro\/en\/wp-json\/wp\/v2\/pages"}],"about":[{"href":"https:\/\/foreverwood.ro\/en\/wp-json\/wp\/v2\/types\/page"}],"author":[{"embeddable":true,"href":"https:\/\/foreverwood.ro\/en\/wp-json\/wp\/v2\/users\/1"}],"replies":[{"embeddable":true,"href":"https:\/\/foreverwood.ro\/en\/wp-json\/wp\/v2\/comments?post=1461"}],"version-history":[{"count":10,"href":"https:\/\/foreverwood.ro\/en\/wp-json\/wp\/v2\/pages\/1461\/revisions"}],"predecessor-version":[{"id":2569,"href":"https:\/\/foreverwood.ro\/en\/wp-json\/wp\/v2\/pages\/1461\/revisions\/2569"}],"wp:attachment":[{"href":"https:\/\/foreverwood.ro\/en\/wp-json\/wp\/v2\/media?parent=1461"}],"curies":[{"name":"wp","href":"https:\/\/api.w.org\/{rel}","templated":true}]}}